{"id":96,"date":"2018-06-18T06:57:57","date_gmt":"2018-06-18T06:57:57","guid":{"rendered":"https:\/\/eurobisern.com\/sl\/about-hdx\/"},"modified":"2025-05-15T20:54:36","modified_gmt":"2025-05-15T18:54:36","slug":"psarna-eurobisern","status":"publish","type":"page","link":"https:\/\/eurobisern.com\/sl\/psarna-eurobisern\/","title":{"rendered":"Psarna Eurobisern"},"content":{"rendered":"\t\t<div data-elementor-type=\"wp-post\" data-elementor-id=\"96\" class=\"elementor elementor-96\" data-elementor-settings=\"[]\">\n\t\t\t\t\t\t\t<div class=\"elementor-section-wrap\">\n\t\t\t\t\t\t\t<section class=\"elementor-section elementor-top-section elementor-element elementor-element-9e0918a elementor-section-height-min-height elementor-section-boxed elementor-section-height-default elementor-section-items-middle\" data-id=\"9e0918a\" data-element_type=\"section\" data-settings=\"{&quot;background_background&quot;:&quot;classic&quot;}\">\n\t\t\t\t\t\t\t<div class=\"elementor-background-overlay\"><\/div>\n\t\t\t\t\t\t\t<div class=\"elementor-container elementor-column-gap-default\">\n\t\t\t\t\t<div class=\"elementor-column elementor-col-100 elementor-top-column elementor-element elementor-element-5d4b58d\" data-id=\"5d4b58d\" data-element_type=\"column\">\n\t\t\t<div class=\"elementor-widget-wrap elementor-element-populated\">\n\t\t\t\t\t\t\t\t<div class=\"elementor-element elementor-element-7999 elementor-widget elementor-widget-heading\" data-id=\"7999\" data-element_type=\"widget\" data-widget_type=\"heading.default\">\n\t\t\t\t<div class=\"elementor-widget-container\">\n\t\t\t<h1 class=\"elementor-heading-title elementor-size-default\"><a href=\"#Galerija\">Psarna Eurobisern<\/a><\/h1>\t\t<\/div>\n\t\t\t\t<\/div>\n\t\t\t\t\t<\/div>\n\t\t<\/div>\n\t\t\t\t\t\t\t<\/div>\n\t\t<\/section>\n\t\t\t\t<section class=\"elementor-section elementor-top-section elementor-element elementor-element-f6e9b9c elementor-section-boxed elementor-section-height-default elementor-section-height-default\" data-id=\"f6e9b9c\" data-element_type=\"section\">\n\t\t\t\t\t\t<div class=\"elementor-container elementor-column-gap-default\">\n\t\t\t\t\t<div class=\"elementor-column elementor-col-50 elementor-top-column elementor-element elementor-element-0e43694\" data-id=\"0e43694\" data-element_type=\"column\">\n\t\t\t<div class=\"elementor-widget-wrap elementor-element-populated\">\n\t\t\t\t\t\t\t\t<div class=\"elementor-element elementor-element-85c1a01 elementor-widget elementor-widget-text-editor\" data-id=\"85c1a01\" data-element_type=\"widget\" data-widget_type=\"text-editor.default\">\n\t\t\t\t<div class=\"elementor-widget-container\">\n\t\t\t\t\t\t\t\t<p><span style=\"font-weight: 400\">Psarna Eurobisern le\u017ei sredi \u010dudovitega kraja, kjer na svet prilajajo \u0161tevilni evrazijci. Veliko posestvo najdete sredi kr\u0161ke kotline. Na jugu in severu je obdana z razpotegnjenim hribovjem Gorjancev ter Posavskim hribovjem. Po kotlini pa skozi Krakovski pragozd te\u010de dolenjska lepotica, reka Krka. Raznolika pokrajina\u00a0 s \u0161tevilnimi polji in travniki je idealen kraj za vzrejo psov.<\/span><\/p><p><span style=\"font-weight: 400\">Psarna ima svoj \u010dar. Hi\u0161a je vedno polna.\u00a0 Polna ne le po \u0161tevil\u010dnosti na\u0161ih \u010dlanov, kjer so odra\u0161\u010dali 4 otroci, ampak tudi po ljubezni do \u017eivali. \u017de od nekdaj smo v na\u0161i dru\u017eini med svoje \u010dlane uvr\u0161\u010dali \u017eivali. \u0160e posebno mesto so imeli psi in konji. <\/span><\/p>\t\t\t\t\t\t<\/div>\n\t\t\t\t<\/div>\n\t\t\t\t\t<\/div>\n\t\t<\/div>\n\t\t\t\t<div class=\"elementor-column elementor-col-50 elementor-top-column elementor-element elementor-element-9461a4d\" data-id=\"9461a4d\" data-element_type=\"column\">\n\t\t\t<div class=\"elementor-widget-wrap elementor-element-populated\">\n\t\t\t\t\t\t\t\t<div class=\"elementor-element elementor-element-7133231 elementor-widget elementor-widget-image\" data-id=\"7133231\" data-element_type=\"widget\" data-widget_type=\"image.default\">\n\t\t\t\t<div class=\"elementor-widget-container\">\n\t\t\t\t\t\t\t\t\t\t\t\t\t\t\t<img width=\"720\" height=\"480\" src=\"https:\/\/eurobisern.com\/sl\/wp-content\/uploads\/sites\/2\/2021\/03\/kalce-naklo-landscape.jpg\" class=\"attachment-large size-large\" alt=\"\" loading=\"lazy\" srcset=\"https:\/\/eurobisern.com\/sl\/wp-content\/uploads\/sites\/2\/2021\/03\/kalce-naklo-landscape.jpg 720w, https:\/\/eurobisern.com\/sl\/wp-content\/uploads\/sites\/2\/2021\/03\/kalce-naklo-landscape-300x200.jpg 300w, https:\/\/eurobisern.com\/sl\/wp-content\/uploads\/sites\/2\/2021\/03\/kalce-naklo-landscape-600x400.jpg 600w\" sizes=\"(max-width: 720px) 100vw, 720px\" \/>\t\t\t\t\t\t\t\t\t\t\t\t\t\t\t<\/div>\n\t\t\t\t<\/div>\n\t\t\t\t\t<\/div>\n\t\t<\/div>\n\t\t\t\t\t\t\t<\/div>\n\t\t<\/section>\n\t\t\t\t<section class=\"elementor-section elementor-top-section elementor-element elementor-element-219912d elementor-section-content-bottom elementor-section-boxed elementor-section-height-default elementor-section-height-default\" data-id=\"219912d\" data-element_type=\"section\" data-settings=\"{&quot;background_background&quot;:&quot;classic&quot;}\">\n\t\t\t\t\t\t\t<div class=\"elementor-background-overlay\"><\/div>\n\t\t\t\t\t\t\t<div class=\"elementor-container elementor-column-gap-no\">\n\t\t\t\t\t<div class=\"elementor-column elementor-col-25 elementor-top-column elementor-element elementor-element-5c70454\" data-id=\"5c70454\" data-element_type=\"column\">\n\t\t\t<div class=\"elementor-widget-wrap elementor-element-populated\">\n\t\t\t\t\t\t\t\t<div class=\"elementor-element elementor-element-b9be1f8 elementor-widget elementor-widget-counter\" data-id=\"b9be1f8\" data-element_type=\"widget\" data-widget_type=\"counter.default\">\n\t\t\t\t<div class=\"elementor-widget-container\">\n\t\t\t\t\t<div class=\"elementor-counter\">\n\t\t\t<div class=\"elementor-counter-number-wrapper\">\n\t\t\t\t<span class=\"elementor-counter-number-prefix\"><\/span>\n\t\t\t\t<span class=\"elementor-counter-number\" data-duration=\"2000\" data-to-value=\"5\" data-from-value=\"0\" data-delimiter=\",\">0<\/span>\n\t\t\t\t<span class=\"elementor-counter-number-suffix\"><\/span>\n\t\t\t<\/div>\n\t\t\t\t\t\t\t<div class=\"elementor-counter-title\">Odrasli evrazijci<\/div>\n\t\t\t\t\t<\/div>\n\t\t\t\t<\/div>\n\t\t\t\t<\/div>\n\t\t\t\t\t<\/div>\n\t\t<\/div>\n\t\t\t\t<div class=\"elementor-column elementor-col-25 elementor-top-column elementor-element elementor-element-67429d0\" data-id=\"67429d0\" data-element_type=\"column\">\n\t\t\t<div class=\"elementor-widget-wrap\">\n\t\t\t\t\t\t\t\t\t<\/div>\n\t\t<\/div>\n\t\t\t\t<div class=\"elementor-column elementor-col-25 elementor-top-column elementor-element elementor-element-1601b86\" data-id=\"1601b86\" data-element_type=\"column\">\n\t\t\t<div class=\"elementor-widget-wrap elementor-element-populated\">\n\t\t\t\t\t\t\t\t<div class=\"elementor-element elementor-element-6dfff27 elementor-widget elementor-widget-counter\" data-id=\"6dfff27\" data-element_type=\"widget\" data-widget_type=\"counter.default\">\n\t\t\t\t<div class=\"elementor-widget-container\">\n\t\t\t\t\t<div class=\"elementor-counter\">\n\t\t\t<div class=\"elementor-counter-number-wrapper\">\n\t\t\t\t<span class=\"elementor-counter-number-prefix\"><\/span>\n\t\t\t\t<span class=\"elementor-counter-number\" data-duration=\"2000\" data-to-value=\"7\" data-from-value=\"0\" data-delimiter=\",\">0<\/span>\n\t\t\t\t<span class=\"elementor-counter-number-suffix\"><\/span>\n\t\t\t<\/div>\n\t\t\t\t\t\t\t<div class=\"elementor-counter-title\">Legel<\/div>\n\t\t\t\t\t<\/div>\n\t\t\t\t<\/div>\n\t\t\t\t<\/div>\n\t\t\t\t\t<\/div>\n\t\t<\/div>\n\t\t\t\t<div class=\"elementor-column elementor-col-25 elementor-top-column elementor-element elementor-element-625aa23\" data-id=\"625aa23\" data-element_type=\"column\">\n\t\t\t<div class=\"elementor-widget-wrap elementor-element-populated\">\n\t\t\t\t\t\t\t\t<div class=\"elementor-element elementor-element-cd0b938 elementor-widget elementor-widget-counter\" data-id=\"cd0b938\" data-element_type=\"widget\" data-widget_type=\"counter.default\">\n\t\t\t\t<div class=\"elementor-widget-container\">\n\t\t\t\t\t<div class=\"elementor-counter\">\n\t\t\t<div class=\"elementor-counter-number-wrapper\">\n\t\t\t\t<span class=\"elementor-counter-number-prefix\">\u017ee <\/span>\n\t\t\t\t<span class=\"elementor-counter-number\" data-duration=\"2000\" data-to-value=\"15\" data-from-value=\"0\" data-delimiter=\",\">0<\/span>\n\t\t\t\t<span class=\"elementor-counter-number-suffix\"> let<\/span>\n\t\t\t<\/div>\n\t\t\t\t\t\t\t<div class=\"elementor-counter-title\">Psarna Eurobisern<\/div>\n\t\t\t\t\t<\/div>\n\t\t\t\t<\/div>\n\t\t\t\t<\/div>\n\t\t\t\t\t<\/div>\n\t\t<\/div>\n\t\t\t\t\t\t\t<\/div>\n\t\t<\/section>\n\t\t\t\t<section class=\"elementor-section elementor-top-section elementor-element elementor-element-eb14594 elementor-section-boxed elementor-section-height-default elementor-section-height-default\" data-id=\"eb14594\" data-element_type=\"section\">\n\t\t\t\t\t\t\t<div class=\"elementor-background-overlay\"><\/div>\n\t\t\t\t\t\t\t<div class=\"elementor-container elementor-column-gap-no\">\n\t\t\t\t\t<div class=\"elementor-column elementor-col-50 elementor-top-column elementor-element elementor-element-4e4e6bd\" data-id=\"4e4e6bd\" data-element_type=\"column\" data-settings=\"{&quot;background_background&quot;:&quot;classic&quot;}\">\n\t\t\t<div class=\"elementor-widget-wrap\">\n\t\t\t\t\t\t\t\t\t<\/div>\n\t\t<\/div>\n\t\t\t\t<div class=\"elementor-column elementor-col-50 elementor-top-column elementor-element elementor-element-d721e0e\" data-id=\"d721e0e\" data-element_type=\"column\" data-settings=\"{&quot;background_background&quot;:&quot;classic&quot;}\">\n\t\t\t<div class=\"elementor-widget-wrap elementor-element-populated\">\n\t\t\t\t\t\t\t\t<div class=\"elementor-element elementor-element-e73ad03 elementor-widget elementor-widget-text-editor\" data-id=\"e73ad03\" data-element_type=\"widget\" data-widget_type=\"text-editor.default\">\n\t\t\t\t<div class=\"elementor-widget-container\">\n\t\t\t\t\t\t\t\t<p><span style=\"font-weight: 400\">Pri izbiri psov sem veliko prebirala po literaturi o pasmah. Ker so bili otroci majhni sem \u017eelela pasmo, ki bo prijazen in igriv z na\u0161imi otroci. Tako smo leta 1992, po nekaj usklajevanjih z otroci, na\u0161li dom znamenitemu \u201cLessie-ju\u201d. Ta ku\u017ea je spremljal otroke skozi vso njihovo otro\u0161tvo.\u00a0<\/span><\/p><p><span style=\"font-weight: 400\">V na\u0161 dom smo pripeljali tudi ku\u017ee pasme zlati prina\u0161alec, bernski plan\u0161ar in shitzu. Pri omenjenih pasmah smo z vzgojo pri\u0161li do dru\u017einskega psa. Na \u017ealost so vsi omenjeni \u010dlani \u017ee na \u201cdrugi\u201d strani sveta. V na\u0161i dru\u017eini so na\u0161li mesto, ki ga nikoli ne bo mogla nobena stvar nadomestiti.<\/span><\/p>\t\t\t\t\t\t<\/div>\n\t\t\t\t<\/div>\n\t\t\t\t\t<\/div>\n\t\t<\/div>\n\t\t\t\t\t\t\t<\/div>\n\t\t<\/section>\n\t\t\t\t<section class=\"elementor-section elementor-top-section elementor-element elementor-element-b57aeab elementor-section-boxed elementor-section-height-default elementor-section-height-default\" data-id=\"b57aeab\" data-element_type=\"section\">\n\t\t\t\t\t\t\t<div class=\"elementor-background-overlay\"><\/div>\n\t\t\t\t\t\t\t<div class=\"elementor-container elementor-column-gap-no\">\n\t\t\t\t\t<div class=\"elementor-column elementor-col-50 elementor-top-column elementor-element elementor-element-0c83392\" data-id=\"0c83392\" data-element_type=\"column\" data-settings=\"{&quot;background_background&quot;:&quot;classic&quot;}\">\n\t\t\t<div class=\"elementor-widget-wrap elementor-element-populated\">\n\t\t\t\t\t\t\t\t<div class=\"elementor-element elementor-element-3a8cce3 elementor-widget elementor-widget-text-editor\" data-id=\"3a8cce3\" data-element_type=\"widget\" data-widget_type=\"text-editor.default\">\n\t\t\t\t<div class=\"elementor-widget-container\">\n\t\t\t\t\t\t\t\t<p><span style=\"font-weight: 400\">Nekega dne sem prepoznala v sebi iskrico. Iskrico, ki je v mojem srcu zanetila novo misel v mojem srcu. Rodila se je zamisel o vzreji psov.\u00a0<\/span><\/p><p><span style=\"font-weight: 400\">Veliko sem vedela o pasmah. Vedela sem kaj ho\u010dem! Dru\u017eini ho\u010dem priskrbeti psa primernega za vse &#8211; mo\u017ea, otroke in ostale \u017eivali. Edina neznanka je bilo zdravje pasme. <\/span><\/p>\t\t\t\t\t\t<\/div>\n\t\t\t\t<\/div>\n\t\t\t\t\t<\/div>\n\t\t<\/div>\n\t\t\t\t<div class=\"elementor-column elementor-col-50 elementor-top-column elementor-element elementor-element-2aca3d8\" data-id=\"2aca3d8\" data-element_type=\"column\" data-settings=\"{&quot;background_background&quot;:&quot;classic&quot;}\">\n\t\t\t<div class=\"elementor-widget-wrap elementor-element-populated\">\n\t\t\t\t\t\t\t\t<div class=\"elementor-element elementor-element-9fec84e elementor-widget elementor-widget-spacer\" data-id=\"9fec84e\" data-element_type=\"widget\" data-widget_type=\"spacer.default\">\n\t\t\t\t<div class=\"elementor-widget-container\">\n\t\t\t\t\t<div class=\"elementor-spacer\">\n\t\t\t<div class=\"elementor-spacer-inner\"><\/div>\n\t\t<\/div>\n\t\t\t\t<\/div>\n\t\t\t\t<\/div>\n\t\t\t\t\t<\/div>\n\t\t<\/div>\n\t\t\t\t\t\t\t<\/div>\n\t\t<\/section>\n\t\t\t\t<section class=\"elementor-section elementor-top-section elementor-element elementor-element-5222 elementor-section-content-top elementor-section-boxed elementor-section-height-default elementor-section-height-default\" data-id=\"5222\" data-element_type=\"section\">\n\t\t\t\t\t\t<div class=\"elementor-container elementor-column-gap-no\">\n\t\t\t\t\t<div class=\"elementor-column elementor-col-50 elementor-top-column elementor-element elementor-element-1e17\" data-id=\"1e17\" data-element_type=\"column\">\n\t\t\t<div class=\"elementor-widget-wrap elementor-element-populated\">\n\t\t\t\t\t\t\t\t<section class=\"elementor-section elementor-inner-section elementor-element elementor-element-2158835 elementor-section-boxed elementor-section-height-default elementor-section-height-default\" data-id=\"2158835\" data-element_type=\"section\">\n\t\t\t\t\t\t<div class=\"elementor-container elementor-column-gap-default\">\n\t\t\t\t\t<div class=\"elementor-column elementor-col-100 elementor-inner-column elementor-element elementor-element-20ffbd2\" data-id=\"20ffbd2\" data-element_type=\"column\">\n\t\t\t<div class=\"elementor-widget-wrap elementor-element-populated\">\n\t\t\t\t\t\t\t\t<div class=\"elementor-element elementor-element-2296 elementor-widget elementor-widget-text-editor\" data-id=\"2296\" data-element_type=\"widget\" data-widget_type=\"text-editor.default\">\n\t\t\t\t<div class=\"elementor-widget-container\">\n\t\t\t\t\t\t\t\t<p><span style=\"font-weight: 400;\">Leta 2013 sem na\u0161la vse kar sem iskala v evrazijcu. \u0160e ve\u010d, prevzeta sem bila nad njihovo lepoto in izredno mo\u010dno navezanost na \u010dloveka. <\/span><\/p><p><span style=\"font-weight: 400;\">Ker je pasma redka, sem na mladi\u010dka morala \u010dakati kar nekaj \u010dasa. Sre\u010da se mi je nasmehnila in na\u0161i dru\u017eini se je pridru\u017eila <strong>Ira Pe\u010dnikova<\/strong>.<\/span><\/p><p><span style=\"font-weight: 400;\">In tako se je pasma izkazala za zelo zvestega dru\u017einskega spremljevalca in ljube\u010dega \u010dlana do vseh \u010dlanov dru\u017eine. To je bil glavni razlog za vzrejo evrazijcev.<\/span><\/p>\t\t\t\t\t\t<\/div>\n\t\t\t\t<\/div>\n\t\t\t\t\t<\/div>\n\t\t<\/div>\n\t\t\t\t\t\t\t<\/div>\n\t\t<\/section>\n\t\t\t\t\t<\/div>\n\t\t<\/div>\n\t\t\t\t<div class=\"elementor-column elementor-col-50 elementor-top-column elementor-element elementor-element-43ed\" data-id=\"43ed\" data-element_type=\"column\">\n\t\t\t<div class=\"elementor-widget-wrap elementor-element-populated\">\n\t\t\t\t\t\t\t\t<div class=\"elementor-element elementor-element-204 elementor-widget elementor-widget-image\" data-id=\"204\" data-element_type=\"widget\" data-widget_type=\"image.default\">\n\t\t\t\t<div class=\"elementor-widget-container\">\n\t\t\t\t\t\t\t\t\t\t\t\t\t\t\t<img width=\"230\" height=\"230\" src=\"https:\/\/eurobisern.com\/sl\/wp-content\/uploads\/sites\/2\/2021\/03\/ira-mladicek.jpg\" class=\"attachment-full size-full\" alt=\"Ira Eurobisern Mladi\u010dek\" loading=\"lazy\" srcset=\"https:\/\/eurobisern.com\/sl\/wp-content\/uploads\/sites\/2\/2021\/03\/ira-mladicek.jpg 230w, https:\/\/eurobisern.com\/sl\/wp-content\/uploads\/sites\/2\/2021\/03\/ira-mladicek-150x150.jpg 150w, https:\/\/eurobisern.com\/sl\/wp-content\/uploads\/sites\/2\/2021\/03\/ira-mladicek-100x100.jpg 100w\" sizes=\"(max-width: 230px) 100vw, 230px\" \/>\t\t\t\t\t\t\t\t\t\t\t\t\t\t\t<\/div>\n\t\t\t\t<\/div>\n\t\t\t\t\t<\/div>\n\t\t<\/div>\n\t\t\t\t\t\t\t<\/div>\n\t\t<\/section>\n\t\t\t\t<section class=\"elementor-section elementor-top-section elementor-element elementor-element-25a5d55 elementor-section-boxed elementor-section-height-default elementor-section-height-default\" data-id=\"25a5d55\" data-element_type=\"section\" data-settings=\"{&quot;background_background&quot;:&quot;classic&quot;}\">\n\t\t\t\t\t\t<div class=\"elementor-container elementor-column-gap-default\">\n\t\t\t\t\t<div class=\"elementor-column elementor-col-100 elementor-top-column elementor-element elementor-element-0ba89fc\" data-id=\"0ba89fc\" data-element_type=\"column\">\n\t\t\t<div class=\"elementor-widget-wrap elementor-element-populated\">\n\t\t\t\t\t\t\t\t<div class=\"elementor-element elementor-element-ab44234 elementor-widget elementor-widget-heading\" data-id=\"ab44234\" data-element_type=\"widget\" data-widget_type=\"heading.default\">\n\t\t\t\t<div class=\"elementor-widget-container\">\n\t\t\t<h2 class=\"elementor-heading-title elementor-size-default\">Evrazijci so preprosto zavzeli na\u0161a srca! <img role=\"img\" class=\"emoji\" alt=\"\ud83e\udd70\" src=\"https:\/\/s.w.org\/images\/core\/emoji\/13.0.1\/svg\/1f970.svg\"><img role=\"img\" class=\"emoji\" alt=\"\ud83e\udd70\" src=\"https:\/\/s.w.org\/images\/core\/emoji\/13.0.1\/svg\/1f970.svg\"><img role=\"img\" class=\"emoji\" alt=\"\ud83e\udd70\" src=\"https:\/\/s.w.org\/images\/core\/emoji\/13.0.1\/svg\/1f970.svg\"><\/h2>\t\t<\/div>\n\t\t\t\t<\/div>\n\t\t\t\t\t<\/div>\n\t\t<\/div>\n\t\t\t\t\t\t\t<\/div>\n\t\t<\/section>\n\t\t\t\t<section class=\"elementor-section elementor-top-section elementor-element elementor-element-5ae1417 elementor-section-boxed elementor-section-height-default elementor-section-height-default\" data-id=\"5ae1417\" data-element_type=\"section\">\n\t\t\t\t\t\t<div class=\"elementor-container elementor-column-gap-default\">\n\t\t\t\t\t<div class=\"elementor-column elementor-col-100 elementor-top-column elementor-element elementor-element-537a7e2\" data-id=\"537a7e2\" data-element_type=\"column\">\n\t\t\t<div class=\"elementor-widget-wrap elementor-element-populated\">\n\t\t\t\t\t\t\t\t<div class=\"elementor-element elementor-element-699176c elementor-widget elementor-widget-text-editor\" data-id=\"699176c\" data-element_type=\"widget\" data-widget_type=\"text-editor.default\">\n\t\t\t\t<div class=\"elementor-widget-container\">\n\t\t\t\t\t\t\t\t<p><em><span style=\"font-weight: 400;\">\u201cPsi niso na\u0161e celo \u017eivljenje, toda v na\u0161em \u017eivljenju ustvarijo celoto.\u201d <\/span><span style=\"font-weight: 400;\">(Roger Caras)<\/span><\/em><\/p>\t\t\t\t\t\t<\/div>\n\t\t\t\t<\/div>\n\t\t\t\t\t<\/div>\n\t\t<\/div>\n\t\t\t\t\t\t\t<\/div>\n\t\t<\/section>\n\t\t\t\t<section class=\"elementor-section elementor-top-section elementor-element elementor-element-efb7767 elementor-section-boxed elementor-section-height-default elementor-section-height-default\" data-id=\"efb7767\" data-element_type=\"section\">\n\t\t\t\t\t\t<div class=\"elementor-container elementor-column-gap-default\">\n\t\t\t\t\t<div class=\"elementor-column elementor-col-100 elementor-top-column elementor-element elementor-element-240406a\" data-id=\"240406a\" data-element_type=\"column\">\n\t\t\t<div class=\"elementor-widget-wrap elementor-element-populated\">\n\t\t\t\t\t\t\t\t<div class=\"elementor-element elementor-element-b7184e7 uael-img-grid__column-4 uael-img-grid-tablet__column-3 uael-img-grid-mobile__column-2 uael-ins-normal elementor-widget elementor-widget-uael-image-gallery\" data-id=\"b7184e7\" data-element_type=\"widget\" data-widget_type=\"uael-image-gallery.default\">\n\t\t\t\t<div class=\"elementor-widget-container\">\n\t\t\t<div class=\"uael-gallery-parent uael-caption- uael-gallery-unjustified\"><div class=\"uael-img-gallery-wrap uael-img-grid-wrap uael-img-grid-masonry-wrap\" data-filter-default=\"All\"><div class=\"uael-grid-item  uael-img-gallery-item-1\"><div class=\"uael-grid-item-content\"><a class=\"uael-grid-img uael-grid-gallery-img uael-ins-hover elementor-clickable\" target=\"_blank\" rel=\"nofollow\" href=\"https:\/\/eurobisern.com\/sl\/wp-content\/uploads\/sites\/2\/2021\/02\/how-how-psicki.png\" data-elementor-open-lightbox=\"no\"><div class=\"uael-grid-img-thumbnail uael-ins-target\"><img width=\"300\" height=\"300\" src=\"https:\/\/eurobisern.com\/sl\/wp-content\/uploads\/sites\/2\/2021\/02\/how-how-psicki-300x300.png\" class=\"attachment-medium size-medium\" alt=\"psarna eurobisern\" loading=\"lazy\" \/><\/div><div class=\"uael-grid-img-overlay\"><\/div><\/a><\/div><\/div><div class=\"uael-grid-item  uael-img-gallery-item-2\"><div class=\"uael-grid-item-content\"><a class=\"uael-grid-img uael-grid-gallery-img uael-ins-hover elementor-clickable\" target=\"_blank\" rel=\"nofollow\" href=\"https:\/\/eurobisern.com\/sl\/wp-content\/uploads\/sites\/2\/2021\/03\/enja-pogleduje-v-naravo.jpg\" data-elementor-open-lightbox=\"no\"><div class=\"uael-grid-img-thumbnail uael-ins-target\"><img width=\"300\" height=\"300\" src=\"https:\/\/eurobisern.com\/sl\/wp-content\/uploads\/sites\/2\/2021\/03\/enja-pogleduje-v-naravo-300x300.jpg\" class=\"attachment-medium size-medium\" alt=\"Svetla barva evrazijca\" loading=\"lazy\" \/><\/div><div class=\"uael-grid-img-overlay\"><\/div><\/a><\/div><\/div><div class=\"uael-grid-item  uael-img-gallery-item-3\"><div class=\"uael-grid-item-content\"><a class=\"uael-grid-img uael-grid-gallery-img uael-ins-hover elementor-clickable\" target=\"_blank\" rel=\"nofollow\" href=\"https:\/\/eurobisern.com\/sl\/wp-content\/uploads\/sites\/2\/2021\/03\/evrazijec-in-igra.jpg\" data-elementor-open-lightbox=\"no\"><div class=\"uael-grid-img-thumbnail uael-ins-target\"><img width=\"300\" height=\"300\" src=\"https:\/\/eurobisern.com\/sl\/wp-content\/uploads\/sites\/2\/2021\/03\/evrazijec-in-igra-300x300.jpg\" class=\"attachment-medium size-medium\" alt=\"Evrazijci in igra\" loading=\"lazy\" \/><\/div><div class=\"uael-grid-img-overlay\"><\/div><\/a><\/div><\/div><div class=\"uael-grid-item  uael-img-gallery-item-4\"><div class=\"uael-grid-item-content\"><a class=\"uael-grid-img uael-grid-gallery-img uael-ins-hover elementor-clickable\" target=\"_blank\" rel=\"nofollow\" href=\"https:\/\/eurobisern.com\/sl\/wp-content\/uploads\/sites\/2\/2021\/02\/psicek-evrazijec-v-igri.jpg\" data-elementor-open-lightbox=\"no\"><div class=\"uael-grid-img-thumbnail uael-ins-target\"><img width=\"300\" height=\"300\" src=\"https:\/\/eurobisern.com\/sl\/wp-content\/uploads\/sites\/2\/2021\/02\/psicek-evrazijec-v-igri-300x300.jpg\" class=\"attachment-medium size-medium\" alt=\"\" loading=\"lazy\" \/><\/div><div class=\"uael-grid-img-overlay\"><\/div><\/a><\/div><\/div><\/div><\/div>\t\t<\/div>\n\t\t\t\t<\/div>\n\t\t\t\t\t<\/div>\n\t\t<\/div>\n\t\t\t\t\t\t\t<\/div>\n\t\t<\/section>\n\t\t\t\t\t\t<\/div>\n\t\t\t\t\t<\/div>\n\t\t","protected":false},"excerpt":{"rendered":"<p>Psarna Eurobisern Psarna Eurobisern le\u017ei sredi \u010dudovitega kraja, kjer na svet prilajajo \u0161tevilni evrazijci. Veliko posestvo najdete sredi kr\u0161ke kotline. Na jugu in severu je obdana z razpotegnjenim hribovjem Gorjancev ter Posavskim hribovjem. Po kotlini pa skozi Krakovski pragozd te\u010de dolenjska lepotica, reka Krka. Raznolika pokrajina\u00a0 s \u0161tevilnimi polji in travniki je idealen kraj za &hellip;<\/p>\n<p class=\"read-more\"> <a class=\"\" href=\"https:\/\/eurobisern.com\/sl\/psarna-eurobisern\/\"> <span class=\"screen-reader-text\">Psarna Eurobisern<\/span> Read More \u00bb<\/a><\/p>\n","protected":false},"author":3,"featured_media":0,"parent":0,"menu_order":0,"comment_status":"closed","ping_status":"closed","template":"","meta":[],"_links":{"self":[{"href":"https:\/\/eurobisern.com\/sl\/wp-json\/wp\/v2\/pages\/96"}],"collection":[{"href":"https:\/\/eurobisern.com\/sl\/wp-json\/wp\/v2\/pages"}],"about":[{"href":"https:\/\/eurobisern.com\/sl\/wp-json\/wp\/v2\/types\/page"}],"author":[{"embeddable":true,"href":"https:\/\/eurobisern.com\/sl\/wp-json\/wp\/v2\/users\/3"}],"replies":[{"embeddable":true,"href":"https:\/\/eurobisern.com\/sl\/wp-json\/wp\/v2\/comments?post=96"}],"version-history":[{"count":60,"href":"https:\/\/eurobisern.com\/sl\/wp-json\/wp\/v2\/pages\/96\/revisions"}],"predecessor-version":[{"id":1733,"href":"https:\/\/eurobisern.com\/sl\/wp-json\/wp\/v2\/pages\/96\/revisions\/1733"}],"wp:attachment":[{"href":"https:\/\/eurobisern.com\/sl\/wp-json\/wp\/v2\/media?parent=96"}],"curies":[{"name":"wp","href":"https:\/\/api.w.org\/{rel}","templated":true}]}}