{"id":1208,"date":"2021-03-20T16:32:58","date_gmt":"2021-03-20T15:32:58","guid":{"rendered":"https:\/\/eurobisern.com\/sl\/?page_id=1208"},"modified":"2021-04-12T16:44:14","modified_gmt":"2021-04-12T14:44:14","slug":"svet-evrazijcev-blog","status":"publish","type":"page","link":"https:\/\/eurobisern.com\/sl\/svet-evrazijcev-blog\/","title":{"rendered":"Svet Evrazijcev Blog"},"content":{"rendered":"\t\t<div data-elementor-type=\"wp-page\" data-elementor-id=\"1208\" class=\"elementor elementor-1208\" data-elementor-settings=\"[]\">\n\t\t\t\t\t\t\t<div class=\"elementor-section-wrap\">\n\t\t\t\t\t\t\t<section class=\"elementor-section elementor-top-section elementor-element elementor-element-0228519 elementor-section-height-min-height elementor-section-boxed elementor-section-height-default elementor-section-items-middle\" data-id=\"0228519\" data-element_type=\"section\" data-settings=\"{&quot;background_background&quot;:&quot;classic&quot;}\">\n\t\t\t\t\t\t\t<div class=\"elementor-background-overlay\"><\/div>\n\t\t\t\t\t\t\t<div class=\"elementor-container elementor-column-gap-default\">\n\t\t\t\t\t<div class=\"elementor-column elementor-col-100 elementor-top-column elementor-element elementor-element-240b013\" data-id=\"240b013\" data-element_type=\"column\">\n\t\t\t<div class=\"elementor-widget-wrap elementor-element-populated\">\n\t\t\t\t\t\t\t\t<div class=\"elementor-element elementor-element-d9528d6 elementor-widget elementor-widget-heading\" data-id=\"d9528d6\" data-element_type=\"widget\" data-widget_type=\"heading.default\">\n\t\t\t\t<div class=\"elementor-widget-container\">\n\t\t\t<h1 class=\"elementor-heading-title elementor-size-default\"><a href=\"#Galerija\">Nasveti za skrb evrazijcev<\/a><\/h1>\t\t<\/div>\n\t\t\t\t<\/div>\n\t\t\t\t\t<\/div>\n\t\t<\/div>\n\t\t\t\t\t\t\t<\/div>\n\t\t<\/section>\n\t\t\t\t<section class=\"elementor-section elementor-top-section elementor-element elementor-element-c37d0f3 elementor-section-boxed elementor-section-height-default elementor-section-height-default\" data-id=\"c37d0f3\" data-element_type=\"section\">\n\t\t\t\t\t\t<div class=\"elementor-container elementor-column-gap-default\">\n\t\t\t\t\t<div class=\"elementor-column elementor-col-100 elementor-top-column elementor-element elementor-element-6d1a740\" data-id=\"6d1a740\" data-element_type=\"column\">\n\t\t\t<div class=\"elementor-widget-wrap elementor-element-populated\">\n\t\t\t\t\t\t\t\t<div class=\"elementor-element elementor-element-37a3585 elementor-widget elementor-widget-uael-posts\" data-id=\"37a3585\" data-element_type=\"widget\" data-widget_type=\"uael-posts.classic\">\n\t\t\t\t<div class=\"elementor-widget-container\">\n\t\t\t\t\t<div class=\"uael-post__header\">\n\t\t\t\t\t<\/div>\n\t\t<div class=\"uael-post__body\">\n\t\t\t\n\t\t\n\t\t<div class=\"uael-blog-terms-position-above_content uael-post-image-top uael-post-grid uael-posts\" data-query-type=\"custom\" data-structure=\"normal\" data-layout=\"\" data-page=\"1208\" data-skin=\"classic\" data-filter-default=\"\" data-offset-top=\"30\" >\n\n\t\t\t\t\t\t\t<div class=\"uael-post-grid__inner uael-post__columns-3 uael-post__columns-tablet-2 uael-post__columns-mobile-1\">\n\t\t\t\n<div class=\"uael-post-wrapper   nasveti \">\n\t<div class=\"uael-post__bg-wrap\">\n\n\t\t\t\t\n\t\t<div class=\"uael-post__inner-wrap\">\n\n\t\t\t\t<div class=\"uael-post__thumbnail\">\n\t\t\t\n\t\t\t<a href=\"https:\/\/eurobisern.com\/sl\/nega-pri-mladicki-in-odraslih-evrazijcih\/\" target=\"_self\" title=\"Nega psa, mladi\u010dkov in odraslih evrazijcev\"><img width=\"500\" height=\"500\" src=\"https:\/\/eurobisern.com\/sl\/wp-content\/uploads\/sites\/2\/2021\/04\/blog-clanek-nega-evrazijcev.png\" class=\"attachment-full size-full\" alt=\"Nega evrazijcev\" loading=\"lazy\" \/><\/a>\n\t\t\t\t\t<\/div>\n\t\t\n\t\t\t\n\t\t\t<div class=\"uael-post__content-wrap\">\n\t\t\t\t\t\t\t<div class=\"uael-post__terms-wrap\"><span class=\"uael-post__terms\"><a href=\"https:\/\/eurobisern.com\/sl\/category\/nasveti\/\" class=\"uael-listing__terms-link\" id=\"uael-post-term-nasveti\" aria-labelledby=\"uael-post-term-nasveti\">Nasveti<\/a><\/span><\/div>\n\t\t\t\t\t\t<h3 class=\"uael-post__title\">\n\n\t\t\n\t\t\t\t\t\t<a href=\"https:\/\/eurobisern.com\/sl\/nega-pri-mladicki-in-odraslih-evrazijcih\/\" target=\"_self\">\n\t\t\t\tNega psa, mladi\u010dkov in odraslih evrazijcev\t\t\t<\/a>\n\n\t\t\t\t<\/h3>\n\t\t\t\t\t<div class=\"uael-post__meta-data\">\n\t\t\t\t\t<span class=\"uael-post__date\">\n\t\t\t\t\t\t\t\t\t\t\t\t\t<i aria-hidden=\"true\" class=\"fa fa-calendar\"><\/i>\t\t\t\t\t\t\t\t\t\n\t\t\t11. aprila, 2021\t\t<\/span>\n\t\t\t\t<span class=\"uael-post__comments\">\n\t\t\t\t\t\t\t\t\t\t\t\t<i aria-hidden=\"true\" class=\"fa fa-comments\"><\/i>\t\t\t\t\t\t\t\t\t\tNi komentarjev\t\t<\/span>\n\t\t\t\t<\/div>\n\t\t\n\t\t<div class=\"uael-post__excerpt\">\n\t\t\t<p>Spregovorimo nekaj besed o negi va\u0161ega psa. Verjetno se vsi strinjate, da je to njihovo najljub\u0161e opravilo in komaj \u010dakajo da jih po\u010de\u0161emo ali pa &#8230;<\/p>\n\t\t<\/div>\n\n\t\t\t\t\t<a class=\"uael-post__read-more elementor-button\" href=\"https:\/\/eurobisern.com\/sl\/nega-pri-mladicki-in-odraslih-evrazijcih\/\" target=\"_self\" aria-labelledby=\"uael-post-1502\">\n\t\t\t\t\t<span class=\"elementor-button-content-wrapper\">\n\t\t\t\t\t\t\t\t\t\t\t\t\t\t<span class=\"elementor-button-icon elementor-align-icon-left\">\n\n\t\t\t\t\t\t\t\t\t\n\t\t\t\t\t\t\t\t<\/span>\n\t\t\t\t\t\t\t\t\t\t\t\t\t\n\t\t\t\t\t\t<span class=\"elementor-button-text\" id=uael-post-1502>Preveri \u010dlanek \u2192<\/span>\n\t\t\t\t\t<\/span>\n\t\t\t\t<\/a>\n\t\t\t\t\t\t<\/div>\n\t\t\t\n\t\t<\/div>\n\t\t\n\t<\/div>\n\n<\/div>\n\n<div class=\"uael-post-wrapper   nasveti \">\n\t<div class=\"uael-post__bg-wrap\">\n\n\t\t\t\t\n\t\t<div class=\"uael-post__inner-wrap\">\n\n\t\t\t\t<div class=\"uael-post__thumbnail\">\n\t\t\t\n\t\t\t<a href=\"https:\/\/eurobisern.com\/sl\/prehranjevanje-pri-vzreji-mladickov\/\" target=\"_self\" title=\"Prehranjevanje pri vzreji mladi\u010dev\"><img width=\"500\" height=\"500\" src=\"https:\/\/eurobisern.com\/sl\/wp-content\/uploads\/sites\/2\/2021\/04\/blog-clanek-prehranjevanje-mladickov.png\" class=\"attachment-full size-full\" alt=\"Kak\u0161na prehrana za mladi\u010dke evrazijcev\" loading=\"lazy\" \/><\/a>\n\t\t\t\t\t<\/div>\n\t\t\n\t\t\t\n\t\t\t<div class=\"uael-post__content-wrap\">\n\t\t\t\t\t\t\t<div class=\"uael-post__terms-wrap\"><span class=\"uael-post__terms\"><a href=\"https:\/\/eurobisern.com\/sl\/category\/nasveti\/\" class=\"uael-listing__terms-link\" id=\"uael-post-term-nasveti\" aria-labelledby=\"uael-post-term-nasveti\">Nasveti<\/a><\/span><\/div>\n\t\t\t\t\t\t<h3 class=\"uael-post__title\">\n\n\t\t\n\t\t\t\t\t\t<a href=\"https:\/\/eurobisern.com\/sl\/prehranjevanje-pri-vzreji-mladickov\/\" target=\"_self\">\n\t\t\t\tPrehranjevanje pri vzreji mladi\u010dev\t\t\t<\/a>\n\n\t\t\t\t<\/h3>\n\t\t\t\t\t<div class=\"uael-post__meta-data\">\n\t\t\t\t\t<span class=\"uael-post__date\">\n\t\t\t\t\t\t\t\t\t\t\t\t\t<i aria-hidden=\"true\" class=\"fa fa-calendar\"><\/i>\t\t\t\t\t\t\t\t\t\n\t\t\t11. aprila, 2021\t\t<\/span>\n\t\t\t\t<span class=\"uael-post__comments\">\n\t\t\t\t\t\t\t\t\t\t\t\t<i aria-hidden=\"true\" class=\"fa fa-comments\"><\/i>\t\t\t\t\t\t\t\t\t\tNi komentarjev\t\t<\/span>\n\t\t\t\t<\/div>\n\t\t\n\t\t<div class=\"uael-post__excerpt\">\n\t\t\t<p>Se spra\u0161ujete kdaj va\u0161im mal\u010dkom prvi\u010d ponuditi hrano v skledici? Kje in kako se za\u010dne? Pravilno prehranjevanje pri vzreji mladi\u010dev oziroma va\u0161ih mal\u010dkov se za\u010dne &#8230;<\/p>\n\t\t<\/div>\n\n\t\t\t\t\t<a class=\"uael-post__read-more elementor-button\" href=\"https:\/\/eurobisern.com\/sl\/prehranjevanje-pri-vzreji-mladickov\/\" target=\"_self\" aria-labelledby=\"uael-post-1489\">\n\t\t\t\t\t<span class=\"elementor-button-content-wrapper\">\n\t\t\t\t\t\t\t\t\t\t\t\t\t\t<span class=\"elementor-button-icon elementor-align-icon-left\">\n\n\t\t\t\t\t\t\t\t\t\n\t\t\t\t\t\t\t\t<\/span>\n\t\t\t\t\t\t\t\t\t\t\t\t\t\n\t\t\t\t\t\t<span class=\"elementor-button-text\" id=uael-post-1489>Preveri \u010dlanek \u2192<\/span>\n\t\t\t\t\t<\/span>\n\t\t\t\t<\/a>\n\t\t\t\t\t\t<\/div>\n\t\t\t\n\t\t<\/div>\n\t\t\n\t<\/div>\n\n<\/div>\n\n<div class=\"uael-post-wrapper   nasveti \">\n\t<div class=\"uael-post__bg-wrap\">\n\n\t\t\t\t\n\t\t<div class=\"uael-post__inner-wrap\">\n\n\t\t\t\t<div class=\"uael-post__thumbnail\">\n\t\t\t\n\t\t\t<a href=\"https:\/\/eurobisern.com\/sl\/zdravstveni-napotki-pri-mladicku\/\" target=\"_self\" title=\"Zdravstveni nasveti za mladi\u010dke\"><img width=\"500\" height=\"500\" src=\"https:\/\/eurobisern.com\/sl\/wp-content\/uploads\/sites\/2\/2021\/04\/blog-clanek-zdravstveni-napotki-1.png\" class=\"attachment-full size-full\" alt=\"Zdravstveni napotki za mladi\u010dke evrazijcev\" loading=\"lazy\" \/><\/a>\n\t\t\t\t\t<\/div>\n\t\t\n\t\t\t\n\t\t\t<div class=\"uael-post__content-wrap\">\n\t\t\t\t\t\t\t<div class=\"uael-post__terms-wrap\"><span class=\"uael-post__terms\"><a href=\"https:\/\/eurobisern.com\/sl\/category\/nasveti\/\" class=\"uael-listing__terms-link\" id=\"uael-post-term-nasveti\" aria-labelledby=\"uael-post-term-nasveti\">Nasveti<\/a><\/span><\/div>\n\t\t\t\t\t\t<h3 class=\"uael-post__title\">\n\n\t\t\n\t\t\t\t\t\t<a href=\"https:\/\/eurobisern.com\/sl\/zdravstveni-napotki-pri-mladicku\/\" target=\"_self\">\n\t\t\t\tZdravstveni nasveti za mladi\u010dke\t\t\t<\/a>\n\n\t\t\t\t<\/h3>\n\t\t\t\t\t<div class=\"uael-post__meta-data\">\n\t\t\t\t\t<span class=\"uael-post__date\">\n\t\t\t\t\t\t\t\t\t\t\t\t\t<i aria-hidden=\"true\" class=\"fa fa-calendar\"><\/i>\t\t\t\t\t\t\t\t\t\n\t\t\t11. aprila, 2021\t\t<\/span>\n\t\t\t\t<span class=\"uael-post__comments\">\n\t\t\t\t\t\t\t\t\t\t\t\t<i aria-hidden=\"true\" class=\"fa fa-comments\"><\/i>\t\t\t\t\t\t\t\t\t\tNi komentarjev\t\t<\/span>\n\t\t\t\t<\/div>\n\t\t\n\t\t<div class=\"uael-post__excerpt\">\n\t\t\t<p>Spoznali boste kaj je pomembno in kaj zahteva va\u0161o pozornost pri zdravju mladi\u010dka. Skrb za zdravje mladi\u010dka se pri\u010dne \u017ee pred kotitvijo in sicer z &#8230;<\/p>\n\t\t<\/div>\n\n\t\t\t\t\t<a class=\"uael-post__read-more elementor-button\" href=\"https:\/\/eurobisern.com\/sl\/zdravstveni-napotki-pri-mladicku\/\" target=\"_self\" aria-labelledby=\"uael-post-1484\">\n\t\t\t\t\t<span class=\"elementor-button-content-wrapper\">\n\t\t\t\t\t\t\t\t\t\t\t\t\t\t<span class=\"elementor-button-icon elementor-align-icon-left\">\n\n\t\t\t\t\t\t\t\t\t\n\t\t\t\t\t\t\t\t<\/span>\n\t\t\t\t\t\t\t\t\t\t\t\t\t\n\t\t\t\t\t\t<span class=\"elementor-button-text\" id=uael-post-1484>Preveri \u010dlanek \u2192<\/span>\n\t\t\t\t\t<\/span>\n\t\t\t\t<\/a>\n\t\t\t\t\t\t<\/div>\n\t\t\t\n\t\t<\/div>\n\t\t\n\t<\/div>\n\n<\/div>\n\n<div class=\"uael-post-wrapper   nasveti \">\n\t<div class=\"uael-post__bg-wrap\">\n\n\t\t\t\t\n\t\t<div class=\"uael-post__inner-wrap\">\n\n\t\t\t\t<div class=\"uael-post__thumbnail\">\n\t\t\t\n\t\t\t<a href=\"https:\/\/eurobisern.com\/sl\/mladickov-nov-dom\/\" target=\"_self\" title=\"Na\u0161a dru\u017eina ima novega \u010dlana\"><img width=\"500\" height=\"500\" src=\"https:\/\/eurobisern.com\/sl\/wp-content\/uploads\/sites\/2\/2021\/02\/evrazijec-mladicek-spi.jpg\" class=\"attachment-full size-full\" alt=\"Nov dom maldi\u010dka\" loading=\"lazy\" \/><\/a>\n\t\t\t\t\t<\/div>\n\t\t\n\t\t\t\n\t\t\t<div class=\"uael-post__content-wrap\">\n\t\t\t\t\t\t\t<div class=\"uael-post__terms-wrap\"><span class=\"uael-post__terms\"><a href=\"https:\/\/eurobisern.com\/sl\/category\/nasveti\/\" class=\"uael-listing__terms-link\" id=\"uael-post-term-nasveti\" aria-labelledby=\"uael-post-term-nasveti\">Nasveti<\/a><\/span><\/div>\n\t\t\t\t\t\t<h3 class=\"uael-post__title\">\n\n\t\t\n\t\t\t\t\t\t<a href=\"https:\/\/eurobisern.com\/sl\/mladickov-nov-dom\/\" target=\"_self\">\n\t\t\t\tNa\u0161a dru\u017eina ima novega \u010dlana\t\t\t<\/a>\n\n\t\t\t\t<\/h3>\n\t\t\t\t\t<div class=\"uael-post__meta-data\">\n\t\t\t\t\t<span class=\"uael-post__date\">\n\t\t\t\t\t\t\t\t\t\t\t\t\t<i aria-hidden=\"true\" class=\"fa fa-calendar\"><\/i>\t\t\t\t\t\t\t\t\t\n\t\t\t11. aprila, 2021\t\t<\/span>\n\t\t\t\t<span class=\"uael-post__comments\">\n\t\t\t\t\t\t\t\t\t\t\t\t<i aria-hidden=\"true\" class=\"fa fa-comments\"><\/i>\t\t\t\t\t\t\t\t\t\tNi komentarjev\t\t<\/span>\n\t\t\t\t<\/div>\n\t\t\n\t\t<div class=\"uael-post__excerpt\">\n\t\t\t<p>Ljudje si te\u017eko predstavljamo kaj je to nov dom. Mogo\u010de se temu \u0161e najbolj pribli\u017eamo prvi dan na novem delovnem mestu.&nbsp; Prvi dan je vse &#8230;<\/p>\n\t\t<\/div>\n\n\t\t\t\t\t<a class=\"uael-post__read-more elementor-button\" href=\"https:\/\/eurobisern.com\/sl\/mladickov-nov-dom\/\" target=\"_self\" aria-labelledby=\"uael-post-1473\">\n\t\t\t\t\t<span class=\"elementor-button-content-wrapper\">\n\t\t\t\t\t\t\t\t\t\t\t\t\t\t<span class=\"elementor-button-icon elementor-align-icon-left\">\n\n\t\t\t\t\t\t\t\t\t\n\t\t\t\t\t\t\t\t<\/span>\n\t\t\t\t\t\t\t\t\t\t\t\t\t\n\t\t\t\t\t\t<span class=\"elementor-button-text\" id=uael-post-1473>Preveri \u010dlanek \u2192<\/span>\n\t\t\t\t\t<\/span>\n\t\t\t\t<\/a>\n\t\t\t\t\t\t<\/div>\n\t\t\t\n\t\t<\/div>\n\t\t\n\t<\/div>\n\n<\/div>\n\n<div class=\"uael-post-wrapper   nasveti \">\n\t<div class=\"uael-post__bg-wrap\">\n\n\t\t\t\t\n\t\t<div class=\"uael-post__inner-wrap\">\n\n\t\t\t\t<div class=\"uael-post__thumbnail\">\n\t\t\t\n\t\t\t<a href=\"https:\/\/eurobisern.com\/sl\/prvi-koraki-pri-mladicku-v-novem-domu\/\" target=\"_self\" title=\"Mladi\u010dek v novem domu. Kaj pa sedaj?\"><img width=\"500\" height=\"500\" src=\"https:\/\/eurobisern.com\/sl\/wp-content\/uploads\/sites\/2\/2021\/01\/blog-clanek-nov-lastniki-novo-okolje.png\" class=\"attachment-full size-full\" alt=\"Novo okolje za evrazijca - Novi lastniki\" loading=\"lazy\" \/><\/a>\n\t\t\t\t\t<\/div>\n\t\t\n\t\t\t\n\t\t\t<div class=\"uael-post__content-wrap\">\n\t\t\t\t\t\t\t<div class=\"uael-post__terms-wrap\"><span class=\"uael-post__terms\"><a href=\"https:\/\/eurobisern.com\/sl\/category\/nasveti\/\" class=\"uael-listing__terms-link\" id=\"uael-post-term-nasveti\" aria-labelledby=\"uael-post-term-nasveti\">Nasveti<\/a><\/span><\/div>\n\t\t\t\t\t\t<h3 class=\"uael-post__title\">\n\n\t\t\n\t\t\t\t\t\t<a href=\"https:\/\/eurobisern.com\/sl\/prvi-koraki-pri-mladicku-v-novem-domu\/\" target=\"_self\">\n\t\t\t\tMladi\u010dek v novem domu. Kaj pa sedaj?\t\t\t<\/a>\n\n\t\t\t\t<\/h3>\n\t\t\t\t\t<div class=\"uael-post__meta-data\">\n\t\t\t\t\t<span class=\"uael-post__date\">\n\t\t\t\t\t\t\t\t\t\t\t\t\t<i aria-hidden=\"true\" class=\"fa fa-calendar\"><\/i>\t\t\t\t\t\t\t\t\t\n\t\t\t31. januarja, 2021\t\t<\/span>\n\t\t\t\t<span class=\"uael-post__comments\">\n\t\t\t\t\t\t\t\t\t\t\t\t<i aria-hidden=\"true\" class=\"fa fa-comments\"><\/i>\t\t\t\t\t\t\t\t\t\tNi komentarjev\t\t<\/span>\n\t\t\t\t<\/div>\n\t\t\n\t\t<div class=\"uael-post__excerpt\">\n\t\t\t<p>Ste kdaj v \u017eivljenju po\u010deli nekaj, kar vas je tako osre\u010devalo, da bi lahko to po\u010deli celo \u017eivljenje? \u010cas ni nikoli izgubljen, \u010de je namenjen &#8230;<\/p>\n\t\t<\/div>\n\n\t\t\t\t\t<a class=\"uael-post__read-more elementor-button\" href=\"https:\/\/eurobisern.com\/sl\/prvi-koraki-pri-mladicku-v-novem-domu\/\" target=\"_self\" aria-labelledby=\"uael-post-1\">\n\t\t\t\t\t<span class=\"elementor-button-content-wrapper\">\n\t\t\t\t\t\t\t\t\t\t\t\t\t\t<span class=\"elementor-button-icon elementor-align-icon-left\">\n\n\t\t\t\t\t\t\t\t\t\n\t\t\t\t\t\t\t\t<\/span>\n\t\t\t\t\t\t\t\t\t\t\t\t\t\n\t\t\t\t\t\t<span class=\"elementor-button-text\" id=uael-post-1>Preveri \u010dlanek \u2192<\/span>\n\t\t\t\t\t<\/span>\n\t\t\t\t<\/a>\n\t\t\t\t\t\t<\/div>\n\t\t\t\n\t\t<\/div>\n\t\t\n\t<\/div>\n\n<\/div>\n\t\t\t\t<\/div>\n\t\t\t\t\t\t\n\t\t<\/div>\n\n\t\t\t\t\t\t<\/div>\n\t\t<div class=\"uael-post__footer\">\n\t\t\t\t\t<\/div>\n\t\t\t\t<\/div>\n\t\t\t\t<\/div>\n\t\t\t\t\t<\/div>\n\t\t<\/div>\n\t\t\t\t\t\t\t<\/div>\n\t\t<\/section>\n\t\t\t\t\t\t<\/div>\n\t\t\t\t\t<\/div>\n\t\t","protected":false},"excerpt":{"rendered":"<p>Nasveti za skrb evrazijcev Pomagam Nega pri mladi\u010dki in odraslih evrazijcih 11. aprila, 2021 Ni komentarjev Spregovorimo nekaj besed o negi va\u0161ega psa. Verjetno se vsi strinjate, da je to njihovo najljub\u0161e opravilo in komaj \u010dakajo da jih po\u010de\u0161emo ali pa \u2026 Preveri \u010dlanek \u2192 Pomagam Prehranjevanje pri vzreji mladi\u010dkov 11. aprila, 2021 Ni komentarjev &hellip;<\/p>\n<p class=\"read-more\"> <a class=\"\" href=\"https:\/\/eurobisern.com\/sl\/prvi-koraki-pri-mladicku-v-novem-domu\/\"> <span class=\"screen-reader-text\">Mladi\u010dek v novem domu. Kaj pa sedaj?<\/span> Read More \u00bb<\/a><\/p>\n","protected":false},"author":3,"featured_media":0,"parent":0,"menu_order":0,"comment_status":"closed","ping_status":"closed","template":"","meta":[],"_links":{"self":[{"href":"https:\/\/eurobisern.com\/sl\/wp-json\/wp\/v2\/pages\/1208"}],"collection":[{"href":"https:\/\/eurobisern.com\/sl\/wp-json\/wp\/v2\/pages"}],"about":[{"href":"https:\/\/eurobisern.com\/sl\/wp-json\/wp\/v2\/types\/page"}],"author":[{"embeddable":true,"href":"https:\/\/eurobisern.com\/sl\/wp-json\/wp\/v2\/users\/3"}],"replies":[{"embeddable":true,"href":"https:\/\/eurobisern.com\/sl\/wp-json\/wp\/v2\/comments?post=1208"}],"version-history":[{"count":20,"href":"https:\/\/eurobisern.com\/sl\/wp-json\/wp\/v2\/pages\/1208\/revisions"}],"predecessor-version":[{"id":1663,"href":"https:\/\/eurobisern.com\/sl\/wp-json\/wp\/v2\/pages\/1208\/revisions\/1663"}],"wp:attachment":[{"href":"https:\/\/eurobisern.com\/sl\/wp-json\/wp\/v2\/media?parent=1208"}],"curies":[{"name":"wp","href":"https:\/\/api.w.org\/{rel}","templated":true}]}}