{"id":1163,"date":"2021-03-19T22:32:54","date_gmt":"2021-03-19T21:32:54","guid":{"rendered":"https:\/\/eurobisern.com\/sl\/?page_id=1163"},"modified":"2021-04-12T18:04:52","modified_gmt":"2021-04-12T16:04:52","slug":"parjenje-evrazijec","status":"publish","type":"page","link":"https:\/\/eurobisern.com\/sl\/parjenje-evrazijec\/","title":{"rendered":"O\u010dka Malus"},"content":{"rendered":"\t\t<div data-elementor-type=\"wp-page\" data-elementor-id=\"1163\" class=\"elementor elementor-1163\" data-elementor-settings=\"[]\">\n\t\t\t\t\t\t\t<div class=\"elementor-section-wrap\">\n\t\t\t\t\t\t\t<section class=\"elementor-section elementor-top-section elementor-element elementor-element-317aaf3 elementor-section-boxed elementor-section-height-default elementor-section-height-default\" data-id=\"317aaf3\" data-element_type=\"section\" data-settings=\"{&quot;background_background&quot;:&quot;classic&quot;}\">\n\t\t\t\t\t\t\t<div class=\"elementor-background-overlay\"><\/div>\n\t\t\t\t\t\t\t<div class=\"elementor-container elementor-column-gap-default\">\n\t\t\t\t\t<div data-uael-partstyle=\"nasa\" data-uael-partcolor=\"\" data-uael-partopacity=\"1\" data-uael-partdirection=\"bottom\" data-uael-partnum=\"\" data-uael-partsize=\"\" data-uael-partspeed=\"\" data-uael-interactive=\"\" class=\"elementor-column elementor-col-50 elementor-top-column elementor-element elementor-element-71be480 uael-particle-yes uael-particle-adv-yes\" data-id=\"71be480\" data-element_type=\"column\" data-settings=\"{&quot;background_background&quot;:&quot;classic&quot;}\">\n\t\t\t<div class=\"elementor-widget-wrap elementor-element-populated\">\n\t\t\t\t\t<div class=\"elementor-background-overlay\"><\/div>\n\t\t\t\t\t\t\t\t<div class=\"elementor-element elementor-element-813e5ae elementor-widget elementor-widget-spacer\" data-id=\"813e5ae\" data-element_type=\"widget\" data-widget_type=\"spacer.default\">\n\t\t\t\t<div class=\"elementor-widget-container\">\n\t\t\t\t\t<div class=\"elementor-spacer\">\n\t\t\t<div class=\"elementor-spacer-inner\"><\/div>\n\t\t<\/div>\n\t\t\t\t<\/div>\n\t\t\t\t<\/div>\n\t\t\t\t\t<\/div>\n\t\t<\/div>\n\t\t\t\t<div class=\"elementor-column elementor-col-50 elementor-top-column elementor-element elementor-element-e4862c9\" data-id=\"e4862c9\" data-element_type=\"column\">\n\t\t\t<div class=\"elementor-widget-wrap elementor-element-populated\">\n\t\t\t\t\t\t\t\t<div class=\"elementor-element elementor-element-bec8b90 elementor-widget elementor-widget-heading\" data-id=\"bec8b90\" data-element_type=\"widget\" data-widget_type=\"heading.default\">\n\t\t\t\t<div class=\"elementor-widget-container\">\n\t\t\t<h4 class=\"elementor-heading-title elementor-size-default\">How how !<\/h4>\t\t<\/div>\n\t\t\t\t<\/div>\n\t\t\t\t<div class=\"elementor-element elementor-element-89e371a elementor-widget elementor-widget-heading\" data-id=\"89e371a\" data-element_type=\"widget\" data-widget_type=\"heading.default\">\n\t\t\t\t<div class=\"elementor-widget-container\">\n\t\t\t<h2 class=\"elementor-heading-title elementor-size-default\">Moje ime je Malus!<\/h2>\t\t<\/div>\n\t\t\t\t<\/div>\n\t\t\t\t<div class=\"elementor-element elementor-element-df8d79d elementor-widget elementor-widget-text-editor\" data-id=\"df8d79d\" data-element_type=\"widget\" data-widget_type=\"text-editor.default\">\n\t\t\t\t<div class=\"elementor-widget-container\">\n\t\t\t\t\t\t\t\t<p><span style=\"font-weight: 400\">Sem postaven fant, z odli\u010dnim stasom in lepimi dolgimi lasmi. Moja glava in pogled sta ob\u010dudovanja vredni. Opravljena imam vsa slikanja, zdravstvene in genetske teste in moram se pohvaliti, vsi so opravljeni z odliko. <img class=\"emoji\" role=\"img\" src=\"https:\/\/s.w.org\/images\/core\/emoji\/13.0.1\/svg\/1f929.svg\" alt=\"\ud83e\udd29\" \/><\/span><\/p><p><span style=\"font-weight: 400\">Rodil sem se 06.10.2016 na Danskem oto\u010dku Bornholm, ki le\u017ei sredi Baltskega morja. Moja vzrejiteljica Gitte Borgesen mi je ob rojstvu dala ime Malus, pi\u0161em se Daqela&#8217;s. Z ljubeznijo me je pripravila na odhod\u00a0 v novo dru\u017eino. Zaupala me je Marjeti in tako sem \u017ee kot devet-tedenski otrok dobesedno odletel v Slovenijo, kjer so me sprejeli kot sebi enakega.\u00a0 Pridno sem se u\u010dil in treniral, zato sem bil na razstavah uspe\u0161en in osvojil kar nekaj \u0161ampionatov.\u00a0<\/span><\/p><p><span style=\"font-weight: 400\">Obo\u017eujem dekleta. Pri paritvi sem izku\u0161en mo\u0161ki in vedno na razpolago dekletom. \u010ce me potrebujete, kontaktirajte mojo dru\u017eino. Lep pozdrav\u010dek in poljub\u010dek od moje malenkosti.<\/span><\/p><p><span style=\"font-weight: 400\">Malus<\/span><\/p>\t\t\t\t\t\t<\/div>\n\t\t\t\t<\/div>\n\t\t\t\t\t<\/div>\n\t\t<\/div>\n\t\t\t\t\t\t\t<\/div>\n\t\t<\/section>\n\t\t\t\t<section class=\"elementor-section elementor-top-section elementor-element elementor-element-0c3ceff elementor-section-boxed elementor-section-height-default elementor-section-height-default\" data-id=\"0c3ceff\" data-element_type=\"section\">\n\t\t\t\t\t\t<div class=\"elementor-container elementor-column-gap-default\">\n\t\t\t\t\t<div class=\"elementor-column elementor-col-100 elementor-top-column elementor-element elementor-element-2078e3e\" data-id=\"2078e3e\" data-element_type=\"column\">\n\t\t\t<div class=\"elementor-widget-wrap elementor-element-populated\">\n\t\t\t\t\t\t\t\t<div class=\"elementor-element elementor-element-abaf4b0 elementor-widget elementor-widget-text-editor\" data-id=\"abaf4b0\" data-element_type=\"widget\" data-widget_type=\"text-editor.default\">\n\t\t\t\t<div class=\"elementor-widget-container\">\n\t\t\t\t\t\t\t\t<p>Poreklo sam\u010dka Malusa izvira iz daljne de\u017eele Danske in sicer otoka Bjornholm. Njegovo dru\u017einsko drevo je primerno za ve\u010dino evrazijskih sami\u010dk v srednji Evropi. Sama sem pri izbiri paritvenega partnerja, v tem primeru sami\u010dke, za Malusa dokaj striktna. Njune sorodstvene korenine naj ne bi imele nobenih povezav vsaj za 3 generacije. Parjenje evrazijcev je glavna skrb Malusa. Poleg igranja \ud83d\ude00<\/p>\t\t\t\t\t\t<\/div>\n\t\t\t\t<\/div>\n\t\t\t\t\t<\/div>\n\t\t<\/div>\n\t\t\t\t\t\t\t<\/div>\n\t\t<\/section>\n\t\t\t\t<section class=\"elementor-section elementor-top-section elementor-element elementor-element-ec8c44c elementor-section-boxed elementor-section-height-default elementor-section-height-default\" data-id=\"ec8c44c\" data-element_type=\"section\">\n\t\t\t\t\t\t<div class=\"elementor-container elementor-column-gap-default\">\n\t\t\t\t\t<div class=\"elementor-column elementor-col-100 elementor-top-column elementor-element elementor-element-2c7521f\" data-id=\"2c7521f\" data-element_type=\"column\">\n\t\t\t<div class=\"elementor-widget-wrap elementor-element-populated\">\n\t\t\t\t\t\t\t\t<div class=\"elementor-element elementor-element-64b2174 elementor-widget elementor-widget-shortcode\" data-id=\"64b2174\" data-element_type=\"widget\" data-widget_type=\"shortcode.default\">\n\t\t\t\t<div class=\"elementor-widget-container\">\n\t\t\t\t\t<div class=\"elementor-shortcode\"><div class=\"wpforms-container malus-povprasevanje\" id=\"wpforms-1182\"><form id=\"wpforms-form-1182\" class=\"wpforms-validate wpforms-form\" data-formid=\"1182\" method=\"post\" enctype=\"multipart\/form-data\" action=\"\/sl\/wp-json\/wp\/v2\/pages\/1163\" data-token=\"968a08eec3fae71932263dc6de40052c\"><noscript class=\"wpforms-error-noscript\">Please enable JavaScript in your browser to complete this form.<\/noscript><div class=\"wpforms-field-container\"><div id=\"wpforms-1182-field_2-container\" class=\"wpforms-field wpforms-field-name\" data-field-id=\"2\"><label class=\"wpforms-field-label\" for=\"wpforms-1182-field_2\">Ime<\/label><div class=\"wpforms-field-row wpforms-field-medium\"><div class=\"wpforms-field-row-block wpforms-first wpforms-one-half\"><input type=\"text\" id=\"wpforms-1182-field_2\" class=\"wpforms-field-name-first\" name=\"wpforms[fields][2][first]\" ><label for=\"wpforms-1182-field_2\" class=\"wpforms-field-sublabel after \">First<\/label><\/div><div class=\"wpforms-field-row-block wpforms-one-half\"><input type=\"text\" id=\"wpforms-1182-field_2-last\" class=\"wpforms-field-name-last\" name=\"wpforms[fields][2][last]\" ><label for=\"wpforms-1182-field_2-last\" class=\"wpforms-field-sublabel after \">Last<\/label><\/div><\/div><\/div><div id=\"wpforms-1182-field_1-container\" class=\"wpforms-field wpforms-field-email\" data-field-id=\"1\"><label class=\"wpforms-field-label\" for=\"wpforms-1182-field_1\">Email <span class=\"wpforms-required-label\">*<\/span><\/label><input type=\"email\" id=\"wpforms-1182-field_1\" class=\"wpforms-field-medium wpforms-field-required\" name=\"wpforms[fields][1]\" required><\/div><div id=\"wpforms-1182-field_3-container\" class=\"wpforms-field wpforms-field-textarea\" data-field-id=\"3\"><label class=\"wpforms-field-label\" for=\"wpforms-1182-field_3\">Vsebina Povpra\u0161evanja <span class=\"wpforms-required-label\">*<\/span><\/label><textarea id=\"wpforms-1182-field_3\" class=\"wpforms-field-medium wpforms-field-required\" name=\"wpforms[fields][3]\" required><\/textarea><\/div><\/div><div class=\"wpforms-submit-container\" ><input type=\"hidden\" name=\"wpforms[id]\" value=\"1182\"><input type=\"hidden\" name=\"wpforms[author]\" value=\"1\"><button type=\"submit\" name=\"wpforms[submit]\" class=\"wpforms-submit malus-povprasevanje-submit\" id=\"wpforms-submit-1182\" value=\"wpforms-submit\" aria-live=\"assertive\" data-alt-text=\"Po\u0161iljam...\" data-submit-text=\"Oddaj Povpra\u0161evanje\">Oddaj Povpra\u0161evanje<\/button><\/div><\/form><\/div>  <!-- .wpforms-container --><\/div>\n\t\t\t\t<\/div>\n\t\t\t\t<\/div>\n\t\t\t\t\t<\/div>\n\t\t<\/div>\n\t\t\t\t\t\t\t<\/div>\n\t\t<\/section>\n\t\t\t\t<section class=\"elementor-section elementor-top-section elementor-element elementor-element-7950834 elementor-section-boxed elementor-section-height-default elementor-section-height-default\" data-id=\"7950834\" data-element_type=\"section\" data-settings=\"{&quot;background_background&quot;:&quot;classic&quot;}\">\n\t\t\t\t\t\t\t<div class=\"elementor-background-overlay\"><\/div>\n\t\t\t\t\t\t\t<div class=\"elementor-container elementor-column-gap-default\">\n\t\t\t\t\t<div class=\"elementor-column elementor-col-50 elementor-top-column elementor-element elementor-element-2511051\" data-id=\"2511051\" data-element_type=\"column\">\n\t\t\t<div class=\"elementor-widget-wrap elementor-element-populated\">\n\t\t\t\t\t\t\t\t<div class=\"elementor-element elementor-element-80a6da6 elementor-widget elementor-widget-heading\" data-id=\"80a6da6\" data-element_type=\"widget\" data-widget_type=\"heading.default\">\n\t\t\t\t<div class=\"elementor-widget-container\">\n\t\t\t<h2 class=\"elementor-heading-title elementor-size-default\">Predstavitev Malus Eurobisern\n<\/h2>\t\t<\/div>\n\t\t\t\t<\/div>\n\t\t\t\t<div class=\"elementor-element elementor-element-2e32893 elementor-widget elementor-widget-text-editor\" data-id=\"2e32893\" data-element_type=\"widget\" data-widget_type=\"text-editor.default\">\n\t\t\t\t<div class=\"elementor-widget-container\">\n\t\t\t\t\t\t\t\t<p>Lepotec med lepotci \ud83d\udc96\ud83d\udc96\ud83d\udc96<\/p>\t\t\t\t\t\t<\/div>\n\t\t\t\t<\/div>\n\t\t\t\t<section class=\"elementor-section elementor-inner-section elementor-element elementor-element-6cf8e85 elementor-section-boxed elementor-section-height-default elementor-section-height-default\" data-id=\"6cf8e85\" data-element_type=\"section\" data-settings=\"{&quot;background_background&quot;:&quot;classic&quot;}\">\n\t\t\t\t\t\t<div class=\"elementor-container elementor-column-gap-default\">\n\t\t\t\t\t<div class=\"elementor-column elementor-col-50 elementor-inner-column elementor-element elementor-element-1069e7d\" data-id=\"1069e7d\" data-element_type=\"column\" data-settings=\"{&quot;background_background&quot;:&quot;classic&quot;}\">\n\t\t\t<div class=\"elementor-widget-wrap elementor-element-populated\">\n\t\t\t\t\t\t\t\t<div class=\"elementor-element elementor-element-50e36a5 elementor-view-default elementor-position-top elementor-vertical-align-top elementor-widget elementor-widget-icon-box\" data-id=\"50e36a5\" data-element_type=\"widget\" data-widget_type=\"icon-box.default\">\n\t\t\t\t<div class=\"elementor-widget-container\">\n\t\t\t\t\t<div class=\"elementor-icon-box-wrapper\">\n\t\t\t\t\t\t<div class=\"elementor-icon-box-icon\">\n\t\t\t\t<span class=\"elementor-icon elementor-animation-\" >\n\t\t\t\t<i aria-hidden=\"true\" class=\"fas fa-globe-europe\"><\/i>\t\t\t\t<\/span>\n\t\t\t<\/div>\n\t\t\t\t\t\t<div class=\"elementor-icon-box-content\">\n\t\t\t\t<h3 class=\"elementor-icon-box-title\">\n\t\t\t\t\t<span >Poreklo: Danska<\/span>\n\t\t\t\t<\/h3>\n\t\t\t\t\t\t\t\t<p class=\"elementor-icon-box-description\">Prihaja iz majhnega danskega otoka Bornholm. Njegovo bogato in zdravo poreklo krasijo prvaki. <img role=\"img\" class=\"emoji\" alt=\"\ud83c\udf0d\" src=\"https:\/\/s.w.org\/images\/core\/emoji\/13.0.1\/svg\/1f30d.svg\"><\/p>\n\t\t\t\t\t\t\t<\/div>\n\t\t<\/div>\n\t\t\t\t<\/div>\n\t\t\t\t<\/div>\n\t\t\t\t\t<\/div>\n\t\t<\/div>\n\t\t\t\t<div class=\"elementor-column elementor-col-50 elementor-inner-column elementor-element elementor-element-3ea06cf\" data-id=\"3ea06cf\" data-element_type=\"column\" data-settings=\"{&quot;background_background&quot;:&quot;classic&quot;}\">\n\t\t\t<div class=\"elementor-widget-wrap elementor-element-populated\">\n\t\t\t\t\t\t\t\t<div class=\"elementor-element elementor-element-6a94040 elementor-view-default elementor-position-top elementor-vertical-align-top elementor-widget elementor-widget-icon-box\" data-id=\"6a94040\" data-element_type=\"widget\" data-widget_type=\"icon-box.default\">\n\t\t\t\t<div class=\"elementor-widget-container\">\n\t\t\t\t\t<div class=\"elementor-icon-box-wrapper\">\n\t\t\t\t\t\t<div class=\"elementor-icon-box-icon\">\n\t\t\t\t<span class=\"elementor-icon elementor-animation-\" >\n\t\t\t\t<i aria-hidden=\"true\" class=\"fas fa-trophy\"><\/i>\t\t\t\t<\/span>\n\t\t\t<\/div>\n\t\t\t\t\t\t<div class=\"elementor-icon-box-content\">\n\t\t\t\t<h3 class=\"elementor-icon-box-title\">\n\t\t\t\t\t<span >Razstava: Champion<\/span>\n\t\t\t\t<\/h3>\n\t\t\t\t\t\t\t\t<p class=\"elementor-icon-box-description\">Imetnik \u0161tevilnih priznanj na mednarodnih razstavnih dogodkih. <img role=\"img\" class=\"emoji\" alt=\"\ud83c\udfc6\" src=\"https:\/\/s.w.org\/images\/core\/emoji\/13.0.1\/svg\/1f3c6.svg\"><\/p>\n\t\t\t\t\t\t\t<\/div>\n\t\t<\/div>\n\t\t\t\t<\/div>\n\t\t\t\t<\/div>\n\t\t\t\t\t<\/div>\n\t\t<\/div>\n\t\t\t\t\t\t\t<\/div>\n\t\t<\/section>\n\t\t\t\t<section class=\"elementor-section elementor-inner-section elementor-element elementor-element-cb3491a elementor-section-boxed elementor-section-height-default elementor-section-height-default\" data-id=\"cb3491a\" data-element_type=\"section\" data-settings=\"{&quot;background_background&quot;:&quot;classic&quot;}\">\n\t\t\t\t\t\t<div class=\"elementor-container elementor-column-gap-default\">\n\t\t\t\t\t<div class=\"elementor-column elementor-col-50 elementor-inner-column elementor-element elementor-element-8b545c9\" data-id=\"8b545c9\" data-element_type=\"column\" data-settings=\"{&quot;background_background&quot;:&quot;classic&quot;}\">\n\t\t\t<div class=\"elementor-widget-wrap elementor-element-populated\">\n\t\t\t\t\t\t\t\t<div class=\"elementor-element elementor-element-78c450d elementor-view-default elementor-position-top elementor-vertical-align-top elementor-widget elementor-widget-icon-box\" data-id=\"78c450d\" data-element_type=\"widget\" data-widget_type=\"icon-box.default\">\n\t\t\t\t<div class=\"elementor-widget-container\">\n\t\t\t\t\t<div class=\"elementor-icon-box-wrapper\">\n\t\t\t\t\t\t<div class=\"elementor-icon-box-icon\">\n\t\t\t\t<span class=\"elementor-icon elementor-animation-\" >\n\t\t\t\t<i aria-hidden=\"true\" class=\"fas fa-hands-helping\"><\/i>\t\t\t\t<\/span>\n\t\t\t<\/div>\n\t\t\t\t\t\t<div class=\"elementor-icon-box-content\">\n\t\t\t\t<h3 class=\"elementor-icon-box-title\">\n\t\t\t\t\t<span >Zanesljivost: do sedaj 100%<\/span>\n\t\t\t\t<\/h3>\n\t\t\t\t\t\t\t\t<p class=\"elementor-icon-box-description\">Zanesljivost paritvenih skokov Malusa so do sedaj 100%. Njegovo potomstvo so pravi zakladki.  <img role=\"img\" class=\"emoji\" alt=\"\ud83e\udd70\" src=\"https:\/\/s.w.org\/images\/core\/emoji\/13.0.1\/svg\/1f970.svg\"><\/p>\n\t\t\t\t\t\t\t<\/div>\n\t\t<\/div>\n\t\t\t\t<\/div>\n\t\t\t\t<\/div>\n\t\t\t\t\t<\/div>\n\t\t<\/div>\n\t\t\t\t<div class=\"elementor-column elementor-col-50 elementor-inner-column elementor-element elementor-element-0dfab01\" data-id=\"0dfab01\" data-element_type=\"column\" data-settings=\"{&quot;background_background&quot;:&quot;classic&quot;}\">\n\t\t\t<div class=\"elementor-widget-wrap elementor-element-populated\">\n\t\t\t\t\t\t\t\t<div class=\"elementor-element elementor-element-860e971 elementor-view-default elementor-position-top elementor-vertical-align-top elementor-widget elementor-widget-icon-box\" data-id=\"860e971\" data-element_type=\"widget\" data-widget_type=\"icon-box.default\">\n\t\t\t\t<div class=\"elementor-widget-container\">\n\t\t\t\t\t<div class=\"elementor-icon-box-wrapper\">\n\t\t\t\t\t\t<div class=\"elementor-icon-box-icon\">\n\t\t\t\t<span class=\"elementor-icon elementor-animation-\" >\n\t\t\t\t<i aria-hidden=\"true\" class=\"fas fa-dog\"><\/i>\t\t\t\t<\/span>\n\t\t\t<\/div>\n\t\t\t\t\t\t<div class=\"elementor-icon-box-content\">\n\t\t\t\t<h3 class=\"elementor-icon-box-title\">\n\t\t\t\t\t<span >O\u010dka \u017ee 2 leglom<\/span>\n\t\t\t\t<\/h3>\n\t\t\t\t\t\t\t\t<p class=\"elementor-icon-box-description\">Z Malusovo pomo\u010djo je na svet prilagalo \u017ee 17 ku\u017ekov. Vsi zdravi in neizmerno sladki cukr\u010dki. <img role=\"img\" class=\"emoji\" alt=\"\ud83e\udd70\" src=\"https:\/\/s.w.org\/images\/core\/emoji\/13.0.1\/svg\/1f970.svg\"><\/p>\n\t\t\t\t\t\t\t<\/div>\n\t\t<\/div>\n\t\t\t\t<\/div>\n\t\t\t\t<\/div>\n\t\t\t\t\t<\/div>\n\t\t<\/div>\n\t\t\t\t\t\t\t<\/div>\n\t\t<\/section>\n\t\t\t\t<div class=\"elementor-element elementor-element-3357e54 elementor-align-center elementor-widget elementor-widget-button\" data-id=\"3357e54\" data-element_type=\"widget\" data-widget_type=\"button.default\">\n\t\t\t\t<div class=\"elementor-widget-container\">\n\t\t\t\t\t<div class=\"elementor-button-wrapper\">\n\t\t\t<a href=\"https:\/\/drive.google.com\/file\/d\/1pDP5RLm5PZtzEiLhZPFeUOoM7j7xcXVg\/view?usp=sharing\" class=\"elementor-button-link elementor-button elementor-size-xs\" role=\"button\">\n\t\t\t\t\t\t<span class=\"elementor-button-content-wrapper\">\n\t\t\t\t\t\t<span class=\"elementor-button-text\">Prenesi Vse njegove dose\u017eke (PDF)<\/span>\n\t\t<\/span>\n\t\t\t\t\t<\/a>\n\t\t<\/div>\n\t\t\t\t<\/div>\n\t\t\t\t<\/div>\n\t\t\t\t\t<\/div>\n\t\t<\/div>\n\t\t\t\t<div class=\"elementor-column elementor-col-50 elementor-top-column elementor-element elementor-element-7e2b34c\" data-id=\"7e2b34c\" data-element_type=\"column\">\n\t\t\t<div class=\"elementor-widget-wrap\">\n\t\t\t\t\t\t\t\t\t<\/div>\n\t\t<\/div>\n\t\t\t\t\t\t\t<\/div>\n\t\t<\/section>\n\t\t\t\t<section class=\"elementor-section elementor-top-section elementor-element elementor-element-c202fe9 elementor-section-boxed elementor-section-height-default elementor-section-height-default\" data-id=\"c202fe9\" data-element_type=\"section\">\n\t\t\t\t\t\t<div class=\"elementor-container elementor-column-gap-default\">\n\t\t\t\t\t<div class=\"elementor-column elementor-col-16 elementor-top-column elementor-element elementor-element-cceddc2\" data-id=\"cceddc2\" data-element_type=\"column\">\n\t\t\t<div class=\"elementor-widget-wrap\">\n\t\t\t\t\t\t\t\t\t<\/div>\n\t\t<\/div>\n\t\t\t\t<div class=\"elementor-column elementor-col-66 elementor-top-column elementor-element elementor-element-9588993\" data-id=\"9588993\" data-element_type=\"column\">\n\t\t\t<div class=\"elementor-widget-wrap elementor-element-populated\">\n\t\t\t\t\t\t\t\t<div class=\"elementor-element elementor-element-e0cf4ab elementor-widget elementor-widget-heading\" data-id=\"e0cf4ab\" data-element_type=\"widget\" data-widget_type=\"heading.default\">\n\t\t\t\t<div class=\"elementor-widget-container\">\n\t\t\t<h2 class=\"elementor-heading-title elementor-size-default\">RODOVNIK - Malus<\/h2>\t\t<\/div>\n\t\t\t\t<\/div>\n\t\t\t\t<div class=\"elementor-element elementor-element-103c1b5 elementor-widget elementor-widget-image\" data-id=\"103c1b5\" data-element_type=\"widget\" data-widget_type=\"image.default\">\n\t\t\t\t<div class=\"elementor-widget-container\">\n\t\t\t\t\t\t\t\t\t\t\t\t\t\t\t<img width=\"722\" height=\"1024\" src=\"https:\/\/eurobisern.com\/sl\/wp-content\/uploads\/sites\/2\/2021\/03\/malus-rodovnik-big-722x1024.jpg\" class=\"attachment-large size-large\" alt=\"\" loading=\"lazy\" srcset=\"https:\/\/eurobisern.com\/sl\/wp-content\/uploads\/sites\/2\/2021\/03\/malus-rodovnik-big-722x1024.jpg 722w, https:\/\/eurobisern.com\/sl\/wp-content\/uploads\/sites\/2\/2021\/03\/malus-rodovnik-big-212x300.jpg 212w, https:\/\/eurobisern.com\/sl\/wp-content\/uploads\/sites\/2\/2021\/03\/malus-rodovnik-big-768x1089.jpg 768w, https:\/\/eurobisern.com\/sl\/wp-content\/uploads\/sites\/2\/2021\/03\/malus-rodovnik-big-1084x1536.jpg 1084w, https:\/\/eurobisern.com\/sl\/wp-content\/uploads\/sites\/2\/2021\/03\/malus-rodovnik-big-1445x2048.jpg 1445w, https:\/\/eurobisern.com\/sl\/wp-content\/uploads\/sites\/2\/2021\/03\/malus-rodovnik-big-600x851.jpg 600w, https:\/\/eurobisern.com\/sl\/wp-content\/uploads\/sites\/2\/2021\/03\/malus-rodovnik-big.jpg 1638w\" sizes=\"(max-width: 722px) 100vw, 722px\" \/>\t\t\t\t\t\t\t\t\t\t\t\t\t\t\t<\/div>\n\t\t\t\t<\/div>\n\t\t\t\t\t<\/div>\n\t\t<\/div>\n\t\t\t\t<div class=\"elementor-column elementor-col-16 elementor-top-column elementor-element elementor-element-2b4fbae\" data-id=\"2b4fbae\" data-element_type=\"column\">\n\t\t\t<div class=\"elementor-widget-wrap\">\n\t\t\t\t\t\t\t\t\t<\/div>\n\t\t<\/div>\n\t\t\t\t\t\t\t<\/div>\n\t\t<\/section>\n\t\t\t\t\t\t<\/div>\n\t\t\t\t\t<\/div>\n\t\t","protected":false},"excerpt":{"rendered":"<p>How how ! Moje ime je Malus! Sem postaven fant, z odli\u010dnim stasom in lepimi dolgimi lasmi. Moja glava in pogled sta ob\u010dudovanja vredni. Opravljena imam vsa slikanja, zdravstvene in genetske teste in moram se pohvaliti, vsi so opravljeni z odliko. Rodil sem se 06.10.2016 na Danskem oto\u010dku Bornholm, ki le\u017ei sredi Baltskega morja. Moja &hellip;<\/p>\n<p class=\"read-more\"> <a class=\"\" href=\"https:\/\/eurobisern.com\/sl\/parjenje-evrazijec\/\"> <span class=\"screen-reader-text\">O\u010dka Malus<\/span> Read More \u00bb<\/a><\/p>\n","protected":false},"author":1,"featured_media":0,"parent":0,"menu_order":0,"comment_status":"closed","ping_status":"closed","template":"","meta":[],"_links":{"self":[{"href":"https:\/\/eurobisern.com\/sl\/wp-json\/wp\/v2\/pages\/1163"}],"collection":[{"href":"https:\/\/eurobisern.com\/sl\/wp-json\/wp\/v2\/pages"}],"about":[{"href":"https:\/\/eurobisern.com\/sl\/wp-json\/wp\/v2\/types\/page"}],"author":[{"embeddable":true,"href":"https:\/\/eurobisern.com\/sl\/wp-json\/wp\/v2\/users\/1"}],"replies":[{"embeddable":true,"href":"https:\/\/eurobisern.com\/sl\/wp-json\/wp\/v2\/comments?post=1163"}],"version-history":[{"count":76,"href":"https:\/\/eurobisern.com\/sl\/wp-json\/wp\/v2\/pages\/1163\/revisions"}],"predecessor-version":[{"id":1673,"href":"https:\/\/eurobisern.com\/sl\/wp-json\/wp\/v2\/pages\/1163\/revisions\/1673"}],"wp:attachment":[{"href":"https:\/\/eurobisern.com\/sl\/wp-json\/wp\/v2\/media?parent=1163"}],"curies":[{"name":"wp","href":"https:\/\/api.w.org\/{rel}","templated":true}]}}