{"id":1129,"date":"2021-03-16T21:12:21","date_gmt":"2021-03-16T20:12:21","guid":{"rendered":"https:\/\/eurobisern.com\/sl\/?page_id=1129"},"modified":"2021-04-12T18:00:19","modified_gmt":"2021-04-12T16:00:19","slug":"pasma-evrazijec","status":"publish","type":"page","link":"https:\/\/eurobisern.com\/sl\/pasma-evrazijec\/","title":{"rendered":"Pasma evrazijec"},"content":{"rendered":"\t\t<div data-elementor-type=\"wp-page\" data-elementor-id=\"1129\" class=\"elementor elementor-1129\" data-elementor-settings=\"[]\">\n\t\t\t\t\t\t\t<div class=\"elementor-section-wrap\">\n\t\t\t\t\t\t\t<section class=\"elementor-section elementor-top-section elementor-element elementor-element-dac7c0a elementor-section-content-middle elementor-section-boxed elementor-section-height-default elementor-section-height-default\" data-id=\"dac7c0a\" data-element_type=\"section\" data-settings=\"{&quot;background_background&quot;:&quot;classic&quot;}\">\n\t\t\t\t\t\t\t<div class=\"elementor-background-overlay\"><\/div>\n\t\t\t\t\t\t\t<div class=\"elementor-container elementor-column-gap-no\">\n\t\t\t\t\t<div class=\"elementor-column elementor-col-50 elementor-top-column elementor-element elementor-element-890654c\" data-id=\"890654c\" data-element_type=\"column\">\n\t\t\t<div class=\"elementor-widget-wrap elementor-element-populated\">\n\t\t\t\t\t\t\t\t<div class=\"elementor-element elementor-element-866d39a elementor-widget elementor-widget-heading\" data-id=\"866d39a\" data-element_type=\"widget\" data-widget_type=\"heading.default\">\n\t\t\t\t<div class=\"elementor-widget-container\">\n\t\t\t<h1 class=\"elementor-heading-title elementor-size-default\">Evrazijec<\/h1>\t\t<\/div>\n\t\t\t\t<\/div>\n\t\t\t\t<div class=\"elementor-element elementor-element-282c1a4 elementor-widget elementor-widget-heading\" data-id=\"282c1a4\" data-element_type=\"widget\" data-widget_type=\"heading.default\">\n\t\t\t\t<div class=\"elementor-widget-container\">\n\t\t\t<h4 class=\"elementor-heading-title elementor-size-default\">Od kod prihajamo, na\u0161e poreklo, za\u010detki?<\/h4>\t\t<\/div>\n\t\t\t\t<\/div>\n\t\t\t\t<div class=\"elementor-element elementor-element-d8b4b0e elementor-widget elementor-widget-text-editor\" data-id=\"d8b4b0e\" data-element_type=\"widget\" data-widget_type=\"text-editor.default\">\n\t\t\t\t<div class=\"elementor-widget-container\">\n\t\t\t\t\t\t\t\t<p><span style=\"font-weight: 400\">Za\u010detnik na\u0161e pasme je bil Konrad Lorenz. Sicer Nobelov nagrajenec in o\u010de etologije (veda o vedenju \u017eivali), je imel idejo o pasmi evrazijec. Nana\u0161ajo\u010d na njegovo idejo je leta 1960 Julius Wipfel skupaj s Charlotte Baldamus in z majhno skupino navdu\u0161encev ustvarila del na\u0161e zgodovine. S kombinacijo med vol\u010djim \u0161picem in kitajskim \u010dov \u010dovom so ustvarili novo pasmo imenovano Wolf-Chow. Wolf-Chow je dolga leta veljala za \u0161e ne izoblikovano pasmo, zato so jo leta 1972 parili s samojedom.\u00a0<\/span><\/p><p><span style=\"font-weight: 400\">In tako smo nastali evrazijci. Na\u0161a pasma je bila 1972 uradno registrirana s strani <\/span><a href=\"https:\/\/www.vdh.de\/en\/home\/\"><span style=\"font-weight: 400\">German Kennel Club<\/span><\/a><span style=\"font-weight: 400\"> (VDH) in leto kasneje, 1973 priznana s strani <\/span><a href=\"http:\/\/www.fci.be\/en\/\"><span style=\"font-weight: 400\">FCI<\/span><\/a><span style=\"font-weight: 400\">.<\/span><\/p>\t\t\t\t\t\t<\/div>\n\t\t\t\t<\/div>\n\t\t\t\t\t<\/div>\n\t\t<\/div>\n\t\t\t\t<div class=\"elementor-column elementor-col-50 elementor-top-column elementor-element elementor-element-0d59d6d\" data-id=\"0d59d6d\" data-element_type=\"column\">\n\t\t\t<div class=\"elementor-widget-wrap elementor-element-populated\">\n\t\t\t\t\t\t\t\t<div class=\"elementor-element elementor-element-653789c elementor-widget elementor-widget-image\" data-id=\"653789c\" data-element_type=\"widget\" data-widget_type=\"image.default\">\n\t\t\t\t<div class=\"elementor-widget-container\">\n\t\t\t\t\t\t\t\t\t\t\t\t\t\t\t<img width=\"500\" height=\"500\" src=\"https:\/\/eurobisern.com\/sl\/wp-content\/uploads\/sites\/2\/2021\/03\/eurobisern-slike-mladicek.jpg\" class=\"attachment-full size-full\" alt=\"\" loading=\"lazy\" srcset=\"https:\/\/eurobisern.com\/sl\/wp-content\/uploads\/sites\/2\/2021\/03\/eurobisern-slike-mladicek.jpg 500w, https:\/\/eurobisern.com\/sl\/wp-content\/uploads\/sites\/2\/2021\/03\/eurobisern-slike-mladicek-300x300.jpg 300w, https:\/\/eurobisern.com\/sl\/wp-content\/uploads\/sites\/2\/2021\/03\/eurobisern-slike-mladicek-150x150.jpg 150w, https:\/\/eurobisern.com\/sl\/wp-content\/uploads\/sites\/2\/2021\/03\/eurobisern-slike-mladicek-100x100.jpg 100w\" sizes=\"(max-width: 500px) 100vw, 500px\" \/>\t\t\t\t\t\t\t\t\t\t\t\t\t\t\t<\/div>\n\t\t\t\t<\/div>\n\t\t\t\t\t<\/div>\n\t\t<\/div>\n\t\t\t\t\t\t\t<\/div>\n\t\t<\/section>\n\t\t\t\t<section class=\"elementor-section elementor-top-section elementor-element elementor-element-7ebc716 elementor-section-content-middle elementor-section-boxed elementor-section-height-default elementor-section-height-default\" data-id=\"7ebc716\" data-element_type=\"section\" data-settings=\"{&quot;background_background&quot;:&quot;classic&quot;}\">\n\t\t\t\t\t\t<div class=\"elementor-container elementor-column-gap-no\">\n\t\t\t\t\t<div class=\"elementor-column elementor-col-100 elementor-top-column elementor-element elementor-element-8c138da\" data-id=\"8c138da\" data-element_type=\"column\">\n\t\t\t<div class=\"elementor-widget-wrap elementor-element-populated\">\n\t\t\t\t\t\t\t\t<div class=\"elementor-element elementor-element-abf12a7 elementor-widget elementor-widget-heading\" data-id=\"abf12a7\" data-element_type=\"widget\" data-widget_type=\"heading.default\">\n\t\t\t\t<div class=\"elementor-widget-container\">\n\t\t\t<h4 class=\"elementor-heading-title elementor-size-default\">Kaj so \u201cizumitelji\u201d pasme iskali v evrazijcih?<\/h4>\t\t<\/div>\n\t\t\t\t<\/div>\n\t\t\t\t<div class=\"elementor-element elementor-element-4cac057 elementor-widget elementor-widget-heading\" data-id=\"4cac057\" data-element_type=\"widget\" data-widget_type=\"heading.default\">\n\t\t\t\t<div class=\"elementor-widget-container\">\n\t\t\t<span class=\"elementor-heading-title elementor-size-default\">Namen kri\u017eanja razli\u010dnih pasem je zdru\u017eiti pozitivne lastnosti, ki jih posamezna pasma ponuja. Na drugi strani pa odpraviti negativne lastnosti.\n<\/span>\t\t<\/div>\n\t\t\t\t<\/div>\n\t\t\t\t<div class=\"elementor-element elementor-element-b8bf70f elementor-widget elementor-widget-heading\" data-id=\"b8bf70f\" data-element_type=\"widget\" data-widget_type=\"heading.default\">\n\t\t\t\t<div class=\"elementor-widget-container\">\n\t\t\t<h2 class=\"elementor-heading-title elementor-size-default\">Katere vrednote so iskali pri pasmi evrazijec?<\/h2>\t\t<\/div>\n\t\t\t\t<\/div>\n\t\t\t\t<div class=\"elementor-element elementor-element-0939d3f elementor-widget-divider--view-line elementor-widget elementor-widget-divider\" data-id=\"0939d3f\" data-element_type=\"widget\" data-widget_type=\"divider.default\">\n\t\t\t\t<div class=\"elementor-widget-container\">\n\t\t\t\t\t<div class=\"elementor-divider\">\n\t\t\t<span class=\"elementor-divider-separator\">\n\t\t\t\t\t\t<\/span>\n\t\t<\/div>\n\t\t\t\t<\/div>\n\t\t\t\t<\/div>\n\t\t\t\t<div class=\"elementor-element elementor-element-19cbfb1 elementor-widget elementor-widget-text-editor\" data-id=\"19cbfb1\" data-element_type=\"widget\" data-widget_type=\"text-editor.default\">\n\t\t\t\t<div class=\"elementor-widget-container\">\n\t\t\t\t\t\t\t\t<ul><li><h3><span style=\"font-weight: 400;\">Mo\u010dna fizi\u010dna konstrukcija,<\/span><\/h3><\/li><li><h3><span style=\"font-weight: 400;\">visoka plodnost in nizka nagnjenost k lovu nem\u0161kega vol\u010djega \u0161pica,<\/span><\/h3><\/li><li><h3><span style=\"font-weight: 400;\">hladnokrvnost,<\/span><\/h3><\/li><li><h3><span style=\"font-weight: 400;\">potrpe\u017eljivost in strpnost do ne\u010dlanov dru\u017eine \u010dov \u010dova,<\/span><\/h3><\/li><li><h3><span style=\"font-weight: 400;\">Zdrav ko\u017euh,<\/span><\/h3><\/li><li><h3><span style=\"font-weight: 400;\">\u017divahnost in<\/span><\/h3><\/li><li><h3><span style=\"font-weight: 400;\">Prijazno naravo samojeda.<\/span><\/h3><\/li><\/ul>\t\t\t\t\t\t<\/div>\n\t\t\t\t<\/div>\n\t\t\t\t\t<\/div>\n\t\t<\/div>\n\t\t\t\t\t\t\t<\/div>\n\t\t<\/section>\n\t\t\t\t<section class=\"elementor-section elementor-top-section elementor-element elementor-element-638f0b2 elementor-section-boxed elementor-section-height-default elementor-section-height-default\" data-id=\"638f0b2\" data-element_type=\"section\" data-settings=\"{&quot;background_background&quot;:&quot;classic&quot;}\">\n\t\t\t\t\t\t<div class=\"elementor-container elementor-column-gap-default\">\n\t\t\t\t\t<div class=\"elementor-column elementor-col-100 elementor-top-column elementor-element elementor-element-bf8240d\" data-id=\"bf8240d\" data-element_type=\"column\">\n\t\t\t<div class=\"elementor-widget-wrap elementor-element-populated\">\n\t\t\t\t\t\t\t\t<div class=\"elementor-element elementor-element-376281d elementor-widget elementor-widget-heading\" data-id=\"376281d\" data-element_type=\"widget\" data-widget_type=\"heading.default\">\n\t\t\t\t<div class=\"elementor-widget-container\">\n\t\t\t<h2 class=\"elementor-heading-title elementor-size-default\">Zate smo se pogovarjali s predstavnikom evrazijcev \u30c4<\/h2>\t\t<\/div>\n\t\t\t\t<\/div>\n\t\t\t\t\t<\/div>\n\t\t<\/div>\n\t\t\t\t\t\t\t<\/div>\n\t\t<\/section>\n\t\t\t\t<section class=\"elementor-section elementor-top-section elementor-element elementor-element-a350327 elementor-section-boxed elementor-section-height-default elementor-section-height-default\" data-id=\"a350327\" data-element_type=\"section\">\n\t\t\t\t\t\t<div class=\"elementor-container elementor-column-gap-default\">\n\t\t\t\t\t<div class=\"elementor-column elementor-col-100 elementor-top-column elementor-element elementor-element-91d968e\" data-id=\"91d968e\" data-element_type=\"column\">\n\t\t\t<div class=\"elementor-widget-wrap elementor-element-populated\">\n\t\t\t\t\t\t\t\t<div class=\"elementor-element elementor-element-430f74b elementor-widget elementor-widget-text-editor\" data-id=\"430f74b\" data-element_type=\"widget\" data-widget_type=\"text-editor.default\">\n\t\t\t\t<div class=\"elementor-widget-container\">\n\t\t\t\t\t\t\t\t<p>Pozdravljeni evrazijci \u30c4!<\/p><p>Za vas imam nekaj vpra\u0161anj, ki zanima na\u0161e obiskovalce. Ste pripravljeni, da vas spoznajo malce bolje? \u30c4<\/p><p>Od kod pasma izvira?<\/p><p><strong>How, how na\u0161a pasma izvira iz Nem\u010dije.<\/strong><\/p><p>Kako bi z eno besedo opisali pasmo evrazijec?<\/p><p><strong>How how, smo idealen dru\u017einski pes, how.\u00a0<\/strong><\/p><p>Pod katero skupino vas lahko najdemo?<\/p><p><strong>How, uradno spadamo v skupino FCI V (\u0160pici in pratipski psi), Sekcija 5.<\/strong><\/p>\t\t\t\t\t\t<\/div>\n\t\t\t\t<\/div>\n\t\t\t\t<div class=\"elementor-element elementor-element-4a9cd3b elementor-widget elementor-widget-text-editor\" data-id=\"4a9cd3b\" data-element_type=\"widget\" data-widget_type=\"text-editor.default\">\n\t\t\t\t<div class=\"elementor-widget-container\">\n\t\t\t\t\t\t\t\t<p>Pri pasmah je zelo pomembna to\u010dka zdravje. Zanima nas, kako na vas vplivajo razli\u010dne bolezni?<\/p><p><strong>How, pasma evrazijec ni nagnjena h genetskim boleznim, how, how.\u00a0<\/strong><\/p>\t\t\t\t\t\t<\/div>\n\t\t\t\t<\/div>\n\t\t\t\t<div class=\"elementor-element elementor-element-7f2e372 elementor-widget elementor-widget-text-editor\" data-id=\"7f2e372\" data-element_type=\"widget\" data-widget_type=\"text-editor.default\">\n\t\t\t\t<div class=\"elementor-widget-container\">\n\t\t\t\t\t\t\t\t<p>Ko vas takole gledam ste zelo &#8220;lu\u0161tkani&#8221;. Kako bi opisali glavne zna\u010dilnosti videza pasme evrazijec?<\/p><p><strong>How, smo skladno grajeni, srednje velike postave s pokon\u010dnima, trikotnima uhljema. Imamo pravokotno obliko telesa, zaradi katere se v\u010dasih znajdemo tudi na modni pisti :D. Wuf, da ne pozabim &#8230; razmerje dol\u017eine \u010delnega in nosnega dela lobanje je ena proti ena.<\/strong><\/p>\t\t\t\t\t\t<\/div>\n\t\t\t\t<\/div>\n\t\t\t\t<div class=\"elementor-element elementor-element-89f3e92 elementor-widget elementor-widget-image\" data-id=\"89f3e92\" data-element_type=\"widget\" data-widget_type=\"image.default\">\n\t\t\t\t<div class=\"elementor-widget-container\">\n\t\t\t\t\t\t\t\t\t\t\t\t\t\t\t<img width=\"500\" height=\"500\" src=\"https:\/\/eurobisern.com\/sl\/wp-content\/uploads\/sites\/2\/2021\/03\/glavne-znacilnosti-evrazijcev.png\" class=\"attachment-medium_large size-medium_large\" alt=\"Glavne zna\u010dilnosti evrazijcev\" loading=\"lazy\" srcset=\"https:\/\/eurobisern.com\/sl\/wp-content\/uploads\/sites\/2\/2021\/03\/glavne-znacilnosti-evrazijcev.png 500w, https:\/\/eurobisern.com\/sl\/wp-content\/uploads\/sites\/2\/2021\/03\/glavne-znacilnosti-evrazijcev-300x300.png 300w, https:\/\/eurobisern.com\/sl\/wp-content\/uploads\/sites\/2\/2021\/03\/glavne-znacilnosti-evrazijcev-150x150.png 150w, https:\/\/eurobisern.com\/sl\/wp-content\/uploads\/sites\/2\/2021\/03\/glavne-znacilnosti-evrazijcev-100x100.png 100w\" sizes=\"(max-width: 500px) 100vw, 500px\" \/>\t\t\t\t\t\t\t\t\t\t\t\t\t\t\t<\/div>\n\t\t\t\t<\/div>\n\t\t\t\t<div class=\"elementor-element elementor-element-b4f652a elementor-widget elementor-widget-text-editor\" data-id=\"b4f652a\" data-element_type=\"widget\" data-widget_type=\"text-editor.default\">\n\t\t\t\t<div class=\"elementor-widget-container\">\n\t\t\t\t\t\t\t\t<p>Kaj pa va\u0161 zna\u010daj? Prej ste omenili da ste idealen \u010dlan dru\u017eine. Kako se razumete z majhnimi otroci?<\/p><p><strong>How, smo zelo samozavestna, mirna, uravnove\u0161ena pasma z visokim pragom vzdra\u017eenja. Zelo smo pozorni in \u010duje\u010di, vendar se zelo malo poslu\u017eujemo laje\u017ea. Na\u0161a prednost je navezanost na dru\u017eino in \u010dloveka. Do tujcev nismo agresivni. Za celoten razvoj opisanih lastnosti evrazijci potrebujemo konstanten stik s \u010dlovekom. Nikakor ne sodimo v pesjak, saj to pomeni izolacija od dru\u017ebe. In mi imamo radi dru\u017ebo, igro.<\/strong><\/p><p><strong>How, z majhnimi otroci smo najbolj\u0161i prijatelji. \u010ceprav priznam so v\u010dasih majhni otroci preve\u010d igrivi, toda mi \u0161e vedno u\u017eivamo z njimi.<\/strong><\/p><p><strong>Pri igri vztrajamo vse dokler se ne utrudimo in je \u010das za lepotni spanec. Takrat igro postavimo v kot, how.<\/strong><\/p>\t\t\t\t\t\t<\/div>\n\t\t\t\t<\/div>\n\t\t\t\t<div class=\"elementor-element elementor-element-c97a5aa elementor-widget elementor-widget-image\" data-id=\"c97a5aa\" data-element_type=\"widget\" data-widget_type=\"image.default\">\n\t\t\t\t<div class=\"elementor-widget-container\">\n\t\t\t\t\t\t\t\t\t\t\t\t<figure class=\"wp-caption\">\n\t\t\t\t\t\t\t\t\t\t<img width=\"300\" height=\"300\" src=\"https:\/\/eurobisern.com\/sl\/wp-content\/uploads\/sites\/2\/2021\/03\/na-potepu-evrazijec-300x300.jpg\" class=\"attachment-medium size-medium\" alt=\"Evrazijec na potepu\" loading=\"lazy\" srcset=\"https:\/\/eurobisern.com\/sl\/wp-content\/uploads\/sites\/2\/2021\/03\/na-potepu-evrazijec-300x300.jpg 300w, https:\/\/eurobisern.com\/sl\/wp-content\/uploads\/sites\/2\/2021\/03\/na-potepu-evrazijec-150x150.jpg 150w, https:\/\/eurobisern.com\/sl\/wp-content\/uploads\/sites\/2\/2021\/03\/na-potepu-evrazijec-100x100.jpg 100w, https:\/\/eurobisern.com\/sl\/wp-content\/uploads\/sites\/2\/2021\/03\/na-potepu-evrazijec.jpg 500w\" sizes=\"(max-width: 300px) 100vw, 300px\" \/>\t\t\t\t\t\t\t\t\t\t\t<figcaption class=\"widget-image-caption wp-caption-text\">Kam si se skril? Le \u010dakaj da te najdem, how. \ud83d\ude42<\/figcaption>\n\t\t\t\t\t\t\t\t\t\t<\/figure>\n\t\t\t\t\t\t\t\t\t<\/div>\n\t\t\t\t<\/div>\n\t\t\t\t<div class=\"elementor-element elementor-element-205530b elementor-widget elementor-widget-text-editor\" data-id=\"205530b\" data-element_type=\"widget\" data-widget_type=\"text-editor.default\">\n\t\t\t\t<div class=\"elementor-widget-container\">\n\t\t\t\t\t\t\t\t<p>Kako vas lahko prepoznamo na odsekih telesa?<\/p><p><strong>GLAVA: \u010celni del lobanje ne sme biti preve\u010d \u0161irok, oblika glave je linasta, \u010delno kolence ni izrazito. Nosni hrbet je srednje dolg, smr\u010dek je \u010drno pigmentiran. Zobje so mo\u010dni, ugriz je kle\u0161\u010dast ali \u0161karjast. O\u010di so temne in srednje velike.<\/strong><\/p><p><strong>Telo je mo\u010dno, hrbet je raven in mi\u0161i\u010dast, rep je razmeroma debel, na koncu se zo\u017ei in je dvignjen prek hrbtne linije.<\/strong><\/p><p><strong>NOGE: Prednji nogi sta ravni in vzporedni, \u0161ape so temne in sklenjene, gibanje je izdatno.<\/strong><\/p><p><strong>DLAKA: Po vsem telesu je zelo gosta podlanka, krovna dlaka pa je srednje dolga in prile\u017eena. Na gob\u010dku, obrazu, u\u0161esih in sprednjih nogah je kratka dlaka. Rep in zadnja stran prednjih nog ter zadnje noge so pokrita z dolgo dlako.<\/strong><\/p>\t\t\t\t\t\t<\/div>\n\t\t\t\t<\/div>\n\t\t\t\t<div class=\"elementor-element elementor-element-6fd64d2 elementor-widget elementor-widget-text-editor\" data-id=\"6fd64d2\" data-element_type=\"widget\" data-widget_type=\"text-editor.default\">\n\t\t\t\t<div class=\"elementor-widget-container\">\n\t\t\t\t\t\t\t\t<p>Kaj pa barve? Opazili smo vse vrste barve evrazijcev. Ali ni pri pasmah zna\u010dilna le ena barva?<\/p><p><strong>How, dovoljene so vse barve in barvne kombinacije (\u010drna, \u010drna z o\u017eigi, rde\u010da, rjava, siva). Toda imamo nekaj prepovedanih barv, ki se jih dr\u017eimo. To so \u010dista bela, bela pik\u010dasta in jetrna barva ko\u017euha.<\/strong><\/p>\t\t\t\t\t\t<\/div>\n\t\t\t\t<\/div>\n\t\t\t\t<div class=\"elementor-element elementor-element-0eab481 elementor-widget elementor-widget-text-editor\" data-id=\"0eab481\" data-element_type=\"widget\" data-widget_type=\"text-editor.default\">\n\t\t\t\t<div class=\"elementor-widget-container\">\n\t\t\t\t\t\t\t\t<p>Tako. Moj intervju s predstavnikom pasme evrazijec je kon\u010dan. Kaj pravite? So kar prijetni in zgovorni ku\u017eki :D.\u00a0<\/p><p>\u010ce bi radi poizvedeli \u0161e ve\u010d o sami pasmi, pa vas pristojni vabijo na potem po <a href=\"\/sl\/svet-evrazijcev-blog\/\">blogu<\/a>.<\/p><p>\u00a0<\/p>\t\t\t\t\t\t<\/div>\n\t\t\t\t<\/div>\n\t\t\t\t\t<\/div>\n\t\t<\/div>\n\t\t\t\t\t\t\t<\/div>\n\t\t<\/section>\n\t\t\t\t<section class=\"elementor-section elementor-top-section elementor-element elementor-element-146c9ea elementor-section-boxed elementor-section-height-default elementor-section-height-default\" data-id=\"146c9ea\" data-element_type=\"section\">\n\t\t\t\t\t\t<div class=\"elementor-container elementor-column-gap-default\">\n\t\t\t\t\t<div class=\"elementor-column elementor-col-20 elementor-top-column elementor-element elementor-element-d623659\" data-id=\"d623659\" data-element_type=\"column\">\n\t\t\t<div class=\"elementor-widget-wrap elementor-element-populated\">\n\t\t\t\t\t\t\t\t<div class=\"elementor-element elementor-element-4af383f elementor-widget elementor-widget-image\" data-id=\"4af383f\" data-element_type=\"widget\" data-widget_type=\"image.default\">\n\t\t\t\t<div class=\"elementor-widget-container\">\n\t\t\t\t\t\t\t\t\t\t\t\t\t\t\t<img width=\"500\" height=\"500\" src=\"https:\/\/eurobisern.com\/sl\/wp-content\/uploads\/sites\/2\/2021\/02\/evrazijec-aisha.jpg\" class=\"attachment-large size-large\" alt=\"Aisha in \u010drna barva\" loading=\"lazy\" srcset=\"https:\/\/eurobisern.com\/sl\/wp-content\/uploads\/sites\/2\/2021\/02\/evrazijec-aisha.jpg 500w, https:\/\/eurobisern.com\/sl\/wp-content\/uploads\/sites\/2\/2021\/02\/evrazijec-aisha-300x300.jpg 300w, https:\/\/eurobisern.com\/sl\/wp-content\/uploads\/sites\/2\/2021\/02\/evrazijec-aisha-150x150.jpg 150w, https:\/\/eurobisern.com\/sl\/wp-content\/uploads\/sites\/2\/2021\/02\/evrazijec-aisha-100x100.jpg 100w\" sizes=\"(max-width: 500px) 100vw, 500px\" \/>\t\t\t\t\t\t\t\t\t\t\t\t\t\t\t<\/div>\n\t\t\t\t<\/div>\n\t\t\t\t\t<\/div>\n\t\t<\/div>\n\t\t\t\t<div class=\"elementor-column elementor-col-20 elementor-top-column elementor-element elementor-element-6e85855\" data-id=\"6e85855\" data-element_type=\"column\">\n\t\t\t<div class=\"elementor-widget-wrap elementor-element-populated\">\n\t\t\t\t\t\t\t\t<div class=\"elementor-element elementor-element-c81d447 elementor-widget elementor-widget-image\" data-id=\"c81d447\" data-element_type=\"widget\" data-widget_type=\"image.default\">\n\t\t\t\t<div class=\"elementor-widget-container\">\n\t\t\t\t\t\t\t\t\t\t\t\t\t\t\t<img width=\"500\" height=\"500\" src=\"https:\/\/eurobisern.com\/sl\/wp-content\/uploads\/sites\/2\/2021\/02\/mladicek-v-akciji.jpg\" class=\"attachment-large size-large\" alt=\"Kostanjeva barva evrazijca\" loading=\"lazy\" srcset=\"https:\/\/eurobisern.com\/sl\/wp-content\/uploads\/sites\/2\/2021\/02\/mladicek-v-akciji.jpg 500w, https:\/\/eurobisern.com\/sl\/wp-content\/uploads\/sites\/2\/2021\/02\/mladicek-v-akciji-300x300.jpg 300w, https:\/\/eurobisern.com\/sl\/wp-content\/uploads\/sites\/2\/2021\/02\/mladicek-v-akciji-150x150.jpg 150w, https:\/\/eurobisern.com\/sl\/wp-content\/uploads\/sites\/2\/2021\/02\/mladicek-v-akciji-100x100.jpg 100w\" sizes=\"(max-width: 500px) 100vw, 500px\" \/>\t\t\t\t\t\t\t\t\t\t\t\t\t\t\t<\/div>\n\t\t\t\t<\/div>\n\t\t\t\t\t<\/div>\n\t\t<\/div>\n\t\t\t\t<div class=\"elementor-column elementor-col-20 elementor-top-column elementor-element elementor-element-ca33fae\" data-id=\"ca33fae\" data-element_type=\"column\">\n\t\t\t<div class=\"elementor-widget-wrap elementor-element-populated\">\n\t\t\t\t\t\t\t\t<div class=\"elementor-element elementor-element-58d6c40 elementor-widget elementor-widget-image\" data-id=\"58d6c40\" data-element_type=\"widget\" data-widget_type=\"image.default\">\n\t\t\t\t<div class=\"elementor-widget-container\">\n\t\t\t\t\t\t\t\t\t\t\t\t\t\t\t<img width=\"500\" height=\"500\" src=\"https:\/\/eurobisern.com\/sl\/wp-content\/uploads\/sites\/2\/2021\/03\/enja-pogleduje-v-naravo.jpg\" class=\"attachment-large size-large\" alt=\"Svetla barva evrazijca\" loading=\"lazy\" srcset=\"https:\/\/eurobisern.com\/sl\/wp-content\/uploads\/sites\/2\/2021\/03\/enja-pogleduje-v-naravo.jpg 500w, https:\/\/eurobisern.com\/sl\/wp-content\/uploads\/sites\/2\/2021\/03\/enja-pogleduje-v-naravo-300x300.jpg 300w, https:\/\/eurobisern.com\/sl\/wp-content\/uploads\/sites\/2\/2021\/03\/enja-pogleduje-v-naravo-150x150.jpg 150w, https:\/\/eurobisern.com\/sl\/wp-content\/uploads\/sites\/2\/2021\/03\/enja-pogleduje-v-naravo-100x100.jpg 100w\" sizes=\"(max-width: 500px) 100vw, 500px\" \/>\t\t\t\t\t\t\t\t\t\t\t\t\t\t\t<\/div>\n\t\t\t\t<\/div>\n\t\t\t\t\t<\/div>\n\t\t<\/div>\n\t\t\t\t<div class=\"elementor-column elementor-col-20 elementor-top-column elementor-element elementor-element-cbe57ed\" data-id=\"cbe57ed\" data-element_type=\"column\">\n\t\t\t<div class=\"elementor-widget-wrap elementor-element-populated\">\n\t\t\t\t\t\t\t\t<div class=\"elementor-element elementor-element-188e3fb elementor-widget elementor-widget-image\" data-id=\"188e3fb\" data-element_type=\"widget\" data-widget_type=\"image.default\">\n\t\t\t\t<div class=\"elementor-widget-container\">\n\t\t\t\t\t\t\t\t\t\t\t\t\t\t\t<img width=\"500\" height=\"500\" src=\"https:\/\/eurobisern.com\/sl\/wp-content\/uploads\/sites\/2\/2021\/02\/evrazijec-gleda-v-igri.jpg\" class=\"attachment-large size-large\" alt=\"Sivo bela barva evrazijca\" loading=\"lazy\" srcset=\"https:\/\/eurobisern.com\/sl\/wp-content\/uploads\/sites\/2\/2021\/02\/evrazijec-gleda-v-igri.jpg 500w, https:\/\/eurobisern.com\/sl\/wp-content\/uploads\/sites\/2\/2021\/02\/evrazijec-gleda-v-igri-300x300.jpg 300w, https:\/\/eurobisern.com\/sl\/wp-content\/uploads\/sites\/2\/2021\/02\/evrazijec-gleda-v-igri-150x150.jpg 150w, https:\/\/eurobisern.com\/sl\/wp-content\/uploads\/sites\/2\/2021\/02\/evrazijec-gleda-v-igri-100x100.jpg 100w\" sizes=\"(max-width: 500px) 100vw, 500px\" \/>\t\t\t\t\t\t\t\t\t\t\t\t\t\t\t<\/div>\n\t\t\t\t<\/div>\n\t\t\t\t\t<\/div>\n\t\t<\/div>\n\t\t\t\t<div class=\"elementor-column elementor-col-20 elementor-top-column elementor-element elementor-element-6f4bc6d\" data-id=\"6f4bc6d\" data-element_type=\"column\">\n\t\t\t<div class=\"elementor-widget-wrap elementor-element-populated\">\n\t\t\t\t\t\t\t\t<div class=\"elementor-element elementor-element-0e56061 elementor-widget elementor-widget-image\" data-id=\"0e56061\" data-element_type=\"widget\" data-widget_type=\"image.default\">\n\t\t\t\t<div class=\"elementor-widget-container\">\n\t\t\t\t\t\t\t\t\t\t\t\t\t\t\t<img width=\"500\" height=\"500\" src=\"https:\/\/eurobisern.com\/sl\/wp-content\/uploads\/sites\/2\/2021\/03\/orazna-barva-evrazijec.jpg\" class=\"attachment-large size-large\" alt=\"\" loading=\"lazy\" srcset=\"https:\/\/eurobisern.com\/sl\/wp-content\/uploads\/sites\/2\/2021\/03\/orazna-barva-evrazijec.jpg 500w, https:\/\/eurobisern.com\/sl\/wp-content\/uploads\/sites\/2\/2021\/03\/orazna-barva-evrazijec-300x300.jpg 300w, https:\/\/eurobisern.com\/sl\/wp-content\/uploads\/sites\/2\/2021\/03\/orazna-barva-evrazijec-150x150.jpg 150w, https:\/\/eurobisern.com\/sl\/wp-content\/uploads\/sites\/2\/2021\/03\/orazna-barva-evrazijec-100x100.jpg 100w\" sizes=\"(max-width: 500px) 100vw, 500px\" \/>\t\t\t\t\t\t\t\t\t\t\t\t\t\t\t<\/div>\n\t\t\t\t<\/div>\n\t\t\t\t\t<\/div>\n\t\t<\/div>\n\t\t\t\t\t\t\t<\/div>\n\t\t<\/section>\n\t\t\t\t\t\t<\/div>\n\t\t\t\t\t<\/div>\n\t\t","protected":false},"excerpt":{"rendered":"<p>Evrazijec Od kod prihajamo, na\u0161e poreklo, za\u010detki? Za\u010detnik na\u0161e pasme je bil Konrad Lorenz. Sicer Nobelov nagrajenec in o\u010de etologije (veda o vedenju \u017eivali), je imel idejo o pasmi evrazijec. Nana\u0161ajo\u010d na njegovo idejo je leta 1960 Julius Wipfel skupaj s Charlotte Baldamus in z majhno skupino navdu\u0161encev ustvarila del na\u0161e zgodovine. S kombinacijo med &hellip;<\/p>\n<p class=\"read-more\"> <a class=\"\" href=\"https:\/\/eurobisern.com\/sl\/pasma-evrazijec\/\"> <span class=\"screen-reader-text\">Pasma evrazijec<\/span> Read More \u00bb<\/a><\/p>\n","protected":false},"author":1,"featured_media":0,"parent":0,"menu_order":0,"comment_status":"closed","ping_status":"closed","template":"","meta":[],"_links":{"self":[{"href":"https:\/\/eurobisern.com\/sl\/wp-json\/wp\/v2\/pages\/1129"}],"collection":[{"href":"https:\/\/eurobisern.com\/sl\/wp-json\/wp\/v2\/pages"}],"about":[{"href":"https:\/\/eurobisern.com\/sl\/wp-json\/wp\/v2\/types\/page"}],"author":[{"embeddable":true,"href":"https:\/\/eurobisern.com\/sl\/wp-json\/wp\/v2\/users\/1"}],"replies":[{"embeddable":true,"href":"https:\/\/eurobisern.com\/sl\/wp-json\/wp\/v2\/comments?post=1129"}],"version-history":[{"count":34,"href":"https:\/\/eurobisern.com\/sl\/wp-json\/wp\/v2\/pages\/1129\/revisions"}],"predecessor-version":[{"id":1669,"href":"https:\/\/eurobisern.com\/sl\/wp-json\/wp\/v2\/pages\/1129\/revisions\/1669"}],"wp:attachment":[{"href":"https:\/\/eurobisern.com\/sl\/wp-json\/wp\/v2\/media?parent=1129"}],"curies":[{"name":"wp","href":"https:\/\/api.w.org\/{rel}","templated":true}]}}